{"id":345,"date":"2022-02-23T10:47:23","date_gmt":"2022-02-23T09:47:23","guid":{"rendered":"http:\/\/egl.jules\/sirket-gecmisi\/"},"modified":"2022-06-23T18:22:19","modified_gmt":"2022-06-23T16:22:19","slug":"sirket-gecmisi","status":"publish","type":"page","link":"https:\/\/egl.doplus.pro\/tr\/sirket-gecmisi\/","title":{"rendered":"\u015eirket ge\u00e7mi\u015fi"},"content":{"rendered":"<p>[et_pb_section fb_built=&#8221;1&#8243; admin_label=&#8221;section&#8221; _builder_version=&#8221;4.14.7&#8243; hover_enabled=&#8221;0&#8243; global_colors_info=&#8221;{}&#8221; custom_padding=&#8221;0px|0px|0px|0px|true|true&#8221; sticky_enabled=&#8221;0&#8243;][et_pb_row admin_label=&#8221;row&#8221; _builder_version=&#8221;3.25&#8243; background_size=&#8221;initial&#8221; background_position=&#8221;top_left&#8221; background_repeat=&#8221;repeat&#8221; global_colors_info=&#8221;{}&#8221;][et_pb_column type=&#8221;4_4&#8243; _builder_version=&#8221;3.25&#8243; custom_padding=&#8221;|||&#8221; global_colors_info=&#8221;{}&#8221; custom_padding__hover=&#8221;|||&#8221;][et_pb_text admin_label=&#8221;Text&#8221; _builder_version=&#8221;4.14.7&#8243; background_size=&#8221;initial&#8221; background_position=&#8221;top_left&#8221; background_repeat=&#8221;repeat&#8221; hover_enabled=&#8221;0&#8243; global_colors_info=&#8221;{}&#8221; sticky_enabled=&#8221;0&#8243;]<\/p>\n<p>\n<\/p>\n<div class=\"wp-block-group is-layout-flow wp-block-group-is-layout-flow\"><! ========= Cool Timeline Free 2.7.1 =========><div class=\"ctl-preloader-loader\" style=\"width: 100%; min-height: 300px; display: flex; justify-content: center; align-items: center;\"><img decoding=\"async\" alt=\"loading\" src=\"https:\/\/egl.doplus.pro\/wp-content\/plugins\/cool-timeline\/\/assets\/images\/clt-preloader.gif\"  style=\"width: 100px; height: 100px;\"><\/div>\r\n\t\t\t\t<style>\r\n\t\t\t\t\t.cool_timeline_horizontal{\r\n\t\t\t\t\t\topacity:0;\r\n\t\t\t\t\t}\r\n\t\t\t\t<\/style><div class=\"cool_timeline_horizontal\"><ul data-slide-to-show=\"6\" class=\"ctl_road_map_wrp\"><li class=\"year-2021 odd past-year\"><a class=\"horizontal_glightbox\" href=\"#ctl-story-194\"><div class=\"ctl-story-year\"><span class=\"rm_year\"> <\/span><\/div><div class=\"ctl-story-title\"><p class=\"story_title\">12\/2021 Locaux \u00e0 Pusignan<\/p><\/div><\/a><div id=\"ctl-story-194\" class=\"ctl_hide\"><div class=\"ctl-popup-content\">\r\n\t\t\t\t\t<h2>12\/2021 Locaux \u00e0 Pusignan<\/h2><div class=\"story-posted-date\">Aral\u0131k 1, 2021<\/div><div class=\"full-width\"><img loading=\"lazy\" decoding=\"async\" width=\"1000\" height=\"1024\" src=\"https:\/\/egl.doplus.pro\/wp-content\/uploads\/2022\/02\/logo-egl.jpg\" class=\"story-img wp-post-image\" alt=\"12\/2021 Locaux \u00e0 Pusignan\" \/><\/div><div class=\"story-content\"><h4 class=\"hovered\" style=\"text-align: center\">12\/2021<\/h4>\r\n<div class=\"description hovered\" style=\"text-align: center\">Locaux \u00e0 Pusignan<\/div><\/div><\/div><\/div><\/li><li class=\"year-2016 even past-year\"><a class=\"horizontal_glightbox\" href=\"#ctl-story-190\"><div class=\"ctl-story-year\"><span class=\"rm_year\"> <\/span><\/div><div class=\"ctl-story-title\"><p class=\"story_title\">10\/2016 Locaux \u00e0 Saint Priest<\/p><\/div><\/a><div id=\"ctl-story-190\" class=\"ctl_hide\"><div class=\"ctl-popup-content\">\r\n\t\t\t\t\t<h2>10\/2016 Locaux \u00e0 Saint Priest<\/h2><div class=\"story-posted-date\">Ekim 1, 2016<\/div><div class=\"full-width\"><img loading=\"lazy\" decoding=\"async\" width=\"224\" height=\"224\" src=\"https:\/\/egl.doplus.pro\/wp-content\/uploads\/2022\/02\/7f7203_a795d14b9150480ba9d364868eebd7ec_mv2.jpg\" class=\"story-img wp-post-image\" alt=\"10\/2016 Locaux \u00e0 Saint Priest\" \/><\/div><div class=\"story-content\"><h4 class=\"hovered\" style=\"text-align: center\">10\/2016<\/h4>\n<div class=\"description hovered\" style=\"text-align: center\">Locaux \u00e0 Saint Priest<\/div>\n<\/div><\/div><\/div><\/li><li class=\"year-2013 odd past-year\"><a class=\"horizontal_glightbox\" href=\"#ctl-story-189\"><div class=\"ctl-story-year\"><span class=\"rm_year\"> <\/span><\/div><div class=\"ctl-story-title\"><p class=\"story_title\">10\/2013 Locaux \u00e0 Pusignan<\/p><\/div><\/a><div id=\"ctl-story-189\" class=\"ctl_hide\"><div class=\"ctl-popup-content\">\r\n\t\t\t\t\t<h2>10\/2013 Locaux \u00e0 Pusignan<\/h2><div class=\"story-posted-date\">Ekim 1, 2013<\/div><div class=\"full-width\"><img loading=\"lazy\" decoding=\"async\" width=\"513\" height=\"410\" src=\"https:\/\/egl.doplus.pro\/wp-content\/uploads\/2022\/02\/Egl-logo-2.png\" class=\"story-img wp-post-image\" alt=\"10\/2013 Locaux \u00e0 Pusignan\" srcset=\"https:\/\/egl.doplus.pro\/wp-content\/uploads\/2022\/02\/Egl-logo-2.png 513w, https:\/\/egl.doplus.pro\/wp-content\/uploads\/2022\/02\/Egl-logo-2-480x384.png 480w\" sizes=\"auto, (min-width: 0px) and (max-width: 480px) 480px, (min-width: 481px) 513px, 100vw\" \/><\/div><div class=\"story-content\"><h4 class=\"hovered\">10\/2013<\/h4>\n<div class=\"description hovered\">Locaux \u00e0 Pusignan<\/div>\n<\/div><\/div><\/div><\/li><li class=\"year-2011 even past-year\"><a class=\"horizontal_glightbox\" href=\"#ctl-story-188\"><div class=\"ctl-story-year\"><span class=\"rm_year\"> <\/span><\/div><div class=\"ctl-story-title\"><p class=\"story_title\">01\/2011 Locaux \u00e0 Corbas<\/p><\/div><\/a><div id=\"ctl-story-188\" class=\"ctl_hide\"><div class=\"ctl-popup-content\">\r\n\t\t\t\t\t<h2>01\/2011 Locaux \u00e0 Corbas<\/h2><div class=\"story-posted-date\">Ocak 1, 2011<\/div><div class=\"full-width\"><img loading=\"lazy\" decoding=\"async\" width=\"513\" height=\"410\" src=\"https:\/\/egl.doplus.pro\/wp-content\/uploads\/2022\/02\/Egl-logo-2.png\" class=\"story-img wp-post-image\" alt=\"01\/2011 Locaux \u00e0 Corbas\" srcset=\"https:\/\/egl.doplus.pro\/wp-content\/uploads\/2022\/02\/Egl-logo-2.png 513w, https:\/\/egl.doplus.pro\/wp-content\/uploads\/2022\/02\/Egl-logo-2-480x384.png 480w\" sizes=\"auto, (min-width: 0px) and (max-width: 480px) 480px, (min-width: 481px) 513px, 100vw\" \/><\/div><div class=\"story-content\"><h4 class=\"hovered\" style=\"text-align: center\">01\/2011<\/h4>\n<div class=\"description hovered\" style=\"text-align: center\">Locaux \u00e0 Corbas<\/div>\n<\/div><\/div><\/div><\/li><li class=\"year-2010 odd past-year\"><a class=\"horizontal_glightbox\" href=\"#ctl-story-182\"><div class=\"ctl-story-year\"><span class=\"rm_year\"> <\/span><\/div><div class=\"ctl-story-title\"><p class=\"story_title\">06\/2010 Locaux \u00e0 Chassieu<\/p><\/div><\/a><div id=\"ctl-story-182\" class=\"ctl_hide\"><div class=\"ctl-popup-content\">\r\n\t\t\t\t\t<h2>06\/2010 Locaux \u00e0 Chassieu<\/h2><div class=\"story-posted-date\">Haziran 30, 2010<\/div><div class=\"full-width\"><img loading=\"lazy\" decoding=\"async\" width=\"1024\" height=\"729\" src=\"https:\/\/egl.doplus.pro\/wp-content\/uploads\/2022\/02\/7f7203_0bbe5a2468f14c7387a71b10a883adbc_mv2.jpg\" class=\"story-img wp-post-image\" alt=\"06\/2010 Locaux \u00e0 Chassieu\" \/><\/div><div class=\"story-content\"><p style=\"text-align: center\">06\/2010<\/p>\n<p style=\"text-align: center\">Locaux \u00e0 Chassieu<\/p>\n<\/div><\/div><\/div><\/li><li class=\"year-2010 even past-year\"><a class=\"horizontal_glightbox\" href=\"#ctl-story-172\"><div class=\"ctl-story-year\"><span class=\"rm_year\"> <\/span><\/div><div class=\"ctl-story-title\"><p class=\"story_title\">16\/06\/2010 Cr\u00e9ation de l&#8217;entreprise<\/p><\/div><\/a><div id=\"ctl-story-172\" class=\"ctl_hide\"><div class=\"ctl-popup-content\">\r\n\t\t\t\t\t<h2>16\/06\/2010 Cr\u00e9ation de l&#8217;entreprise<\/h2><div class=\"story-posted-date\">Haziran 16, 2010<\/div><div class=\"full-width\"><img loading=\"lazy\" decoding=\"async\" width=\"1024\" height=\"768\" src=\"https:\/\/egl.doplus.pro\/wp-content\/uploads\/2022\/02\/nsplsh_b9772c02f88e4f259c28c86a71c0dc29_mv2.jpg\" class=\"story-img wp-post-image\" alt=\"16\/06\/2010 Cr\u00e9ation de l&#8217;entreprise\" \/><\/div><div class=\"story-content\"><p style=\"text-align: center\">16\/06\/2010<\/p>\n<p style=\"text-align: center\">Cr\u00e9ation de l&#8217;entreprise EGL.<\/p>\n<\/div><\/div><\/div><\/li><\/ul><\/div><br><\/div>\n<p><!-- \/wp:group --><\/p>\n<p><!-- wp:paragraph --><\/p>\n<p><!-- \/wp:paragraph --><\/p>\n<p>[\/et_pb_text][\/et_pb_column][\/et_pb_row][\/et_pb_section]<\/p>\n","protected":false},"excerpt":{"rendered":"<p>16\/06\/2010 Cr\u00e9ation de l&#8217;entreprise EGL.<\/p>\n","protected":false},"author":1,"featured_media":0,"parent":0,"menu_order":0,"comment_status":"closed","ping_status":"closed","template":"","meta":{"_et_pb_use_builder":"on","_et_pb_old_content":"","_et_gb_content_width":"","footnotes":""},"class_list":["post-345","page","type-page","status-publish","hentry"],"_links":{"self":[{"href":"https:\/\/egl.doplus.pro\/tr\/wp-json\/wp\/v2\/pages\/345","targetHints":{"allow":["GET"]}}],"collection":[{"href":"https:\/\/egl.doplus.pro\/tr\/wp-json\/wp\/v2\/pages"}],"about":[{"href":"https:\/\/egl.doplus.pro\/tr\/wp-json\/wp\/v2\/types\/page"}],"author":[{"embeddable":true,"href":"https:\/\/egl.doplus.pro\/tr\/wp-json\/wp\/v2\/users\/1"}],"replies":[{"embeddable":true,"href":"https:\/\/egl.doplus.pro\/tr\/wp-json\/wp\/v2\/comments?post=345"}],"version-history":[{"count":3,"href":"https:\/\/egl.doplus.pro\/tr\/wp-json\/wp\/v2\/pages\/345\/revisions"}],"predecessor-version":[{"id":1559,"href":"https:\/\/egl.doplus.pro\/tr\/wp-json\/wp\/v2\/pages\/345\/revisions\/1559"}],"wp:attachment":[{"href":"https:\/\/egl.doplus.pro\/tr\/wp-json\/wp\/v2\/media?parent=345"}],"curies":[{"name":"wp","href":"https:\/\/api.w.org\/{rel}","templated":true}]}}