{"id":338,"date":"2022-02-21T11:30:31","date_gmt":"2022-02-21T10:30:31","guid":{"rendered":"http:\/\/egl.jules\/magrip\/"},"modified":"2022-06-23T15:51:50","modified_gmt":"2022-06-23T13:51:50","slug":"magrip","status":"publish","type":"page","link":"https:\/\/egl.doplus.pro\/tr\/magrip\/","title":{"rendered":"Ma\u011frip"},"content":{"rendered":"<p>[et_pb_section fb_built=&#8221;1&#8243; _builder_version=&#8221;4.16&#8243; _module_preset=&#8221;default&#8221; global_colors_info=&#8221;{}&#8221; custom_padding=&#8221;||48px|||&#8221;][et_pb_row _builder_version=&#8221;4.16&#8243; _module_preset=&#8221;default&#8221; global_colors_info=&#8221;{}&#8221;][et_pb_column type=&#8221;4_4&#8243; _builder_version=&#8221;4.16&#8243; _module_preset=&#8221;default&#8221; global_colors_info=&#8221;{}&#8221;][et_pb_button button_url=&#8221;http:\/\/egl.doplus.com\/destinations&#8221; button_text=&#8221;D\u00f6n\u00fc\u015f&#8221; _builder_version=&#8221;4.16&#8243; _module_preset=&#8221;default&#8221; custom_button=&#8221;on&#8221; button_text_size=&#8221;13px&#8221; button_text_color=&#8221;#000000&#8243; button_border_width=&#8221;0px&#8221; button_border_radius=&#8221;0px&#8221; button_icon=&#8221;&#x34;||divi||400&#8243; button_icon_placement=&#8221;left&#8221; button_on_hover=&#8221;off&#8221; custom_margin=&#8221;|||80px|false|false&#8221; global_colors_info=&#8221;{}&#8221;][\/et_pb_button][et_pb_text _builder_version=&#8221;4.16&#8243; _module_preset=&#8221;default&#8221; text_font=&#8221;Montserrat||||||||&#8221; text_text_color=&#8221;#181818&#8243; text_font_size=&#8221;42px&#8221; custom_margin=&#8221;|||110px|false|false&#8221; global_colors_info=&#8221;{}&#8221;]<\/p>\n<p class=\"font_0\"><span>Ma\u011frip<\/span><\/p>\n<p>[\/et_pb_text][et_pb_image src=&#8221;http:\/\/egl.doplus.pro\/wp-content\/uploads\/2022\/04\/maghreb.png&#8221; title_text=&#8221;ma\u011frip&#8221; url=&#8221;https:\/\/www.google.fr\/maps\/place\/Maghreb\/@25.848095,-5.1091494,5z\/data=!3m1!4b1!4m5!3m4!1s0x12173cff330bd0af:0x6d26ccb76f7c53ec!8m2!3d25.6422079!4d2.4604145&#8243; align=&#8221;center&#8221; _builder_version=&#8221;4.16&#8243; _module_preset=&#8221;default&#8221; global_colors_info=&#8221;{}&#8221;][\/et_pb_image][et_pb_text _builder_version=&#8221;4.16&#8243; _module_preset=&#8221;default&#8221; global_colors_info=&#8221;{}&#8221;]<\/p>\n<h4 class=\"font_0\" style=\"text-align: center;\"><strong>Haritay\u0131 g\u00f6rmek i\u00e7in buraya t\u0131klay\u0131n<\/strong><\/h4>\n<p>[\/et_pb_text][et_pb_text _builder_version=&#8221;4.16&#8243; _module_preset=&#8221;default&#8221; global_colors_info=&#8221;{}&#8221;]<\/p>\n<h1 class=\"font_0\" style=\"text-align: center;\"><strong>\u00dclkeler &#8211; <span class=\"color_18\" style=\"color: #cd0b0c;\">Ba\u015fkentler<\/span><\/strong><\/h1>\n<p>[\/et_pb_text][et_pb_text _builder_version=&#8221;4.16&#8243; _module_preset=&#8221;default&#8221; text_font_size=&#8221;20px&#8221; max_width=&#8221;73%&#8221; module_alignment=&#8221;right&#8221; global_colors_info=&#8221;{}&#8221;]<\/p>\n<h3 class=\"font_8\"><span style=\"color: #000000;\">Cezayir: <span style=\"color: #cd0b0c;\">Cezayir<\/span>; Fas: <span style=\"color: #cd0b0c;\">Rabat<\/span>; <\/span><\/h3>\n<h3 class=\"font_8\"><span style=\"color: #000000;\">Tunus: <span class=\"color_18\" style=\"color: #cd0b0c;\">Tunus<\/span>; <\/span><\/h3>\n<p>[\/et_pb_text][et_pb_text _builder_version=&#8221;4.16&#8243; _module_preset=&#8221;default&#8221; text_font_size=&#8221;10px&#8221; custom_margin=&#8221;|||130px|false|false&#8221; hover_enabled=&#8221;0&#8243; global_colors_info=&#8221;{}&#8221; sticky_enabled=&#8221;0&#8243;]<\/p>\n<p class=\"font_0\"><span style=\"color: #000000;\">Kaynak: Vikipedi<\/span><\/p>\n<p>[\/et_pb_text][\/et_pb_column][\/et_pb_row][et_pb_row column_structure=&#8221;1_2,1_2&#8243; _builder_version=&#8221;4.16&#8243; _module_preset=&#8221;default&#8221; global_colors_info=&#8221;{}&#8221;][et_pb_column type=&#8221;1_2&#8243; _builder_version=&#8221;4.16&#8243; _module_preset=&#8221;default&#8221; global_colors_info=&#8221;{}&#8221;][et_pb_button button_url=&#8221;https:\/\/egl.doplus.pro\/tr\/kafkasya-ve-bdt\/&#8221; button_text=&#8221;\u00d6nceki&#8221; _builder_version=&#8221;4.16&#8243; _module_preset=&#8221;default&#8221; custom_button=&#8221;on&#8221; button_text_size=&#8221;12px&#8221; button_text_color=&#8221;#000000&#8243; button_border_width=&#8221;0px&#8221; button_border_radius=&#8221;0px&#8221; button_icon=&#8221;&#x34;||divi||400&#8243; button_icon_placement=&#8221;left&#8221; button_on_hover=&#8221;off&#8221; custom_margin=&#8221;|||80px|false|false&#8221; global_colors_info=&#8221;{}&#8221;][\/et_pb_button][\/et_pb_column][et_pb_column type=&#8221;1_2&#8243; _builder_version=&#8221;4.16&#8243; _module_preset=&#8221;default&#8221; global_colors_info=&#8221;{}&#8221;][et_pb_button button_url=&#8221;https:\/\/egl.doplus.pro\/tr\/turkiye\/&#8221; button_text=&#8221;Sonraki&#8221; button_alignment=&#8221;center&#8221; _builder_version=&#8221;4.16&#8243; _module_preset=&#8221;default&#8221; custom_button=&#8221;on&#8221; button_text_size=&#8221;12px&#8221; button_text_color=&#8221;#000000&#8243; button_border_width=&#8221;0px&#8221; button_border_radius=&#8221;0px&#8221; button_icon=&#8221;&#x35;||divi||400&#8243; button_on_hover=&#8221;off&#8221; global_colors_info=&#8221;{}&#8221;][\/et_pb_button][\/et_pb_column][\/et_pb_row][\/et_pb_section]<\/p>\n","protected":false},"excerpt":{"rendered":"<p>Ma\u011fripHaritay\u0131 g\u00f6rmek i\u00e7in buraya t\u0131klay\u0131n\u00dclkeler &#8211; Ba\u015fkentlerCezayir: Cezayir; Fas: Rabat; Tunus: Tunus; Kaynak: Vikipedi<\/p>\n","protected":false},"author":1,"featured_media":0,"parent":0,"menu_order":0,"comment_status":"closed","ping_status":"closed","template":"","meta":{"_et_pb_use_builder":"on","_et_pb_old_content":"","_et_gb_content_width":"","footnotes":""},"class_list":["post-338","page","type-page","status-publish","hentry"],"_links":{"self":[{"href":"https:\/\/egl.doplus.pro\/tr\/wp-json\/wp\/v2\/pages\/338","targetHints":{"allow":["GET"]}}],"collection":[{"href":"https:\/\/egl.doplus.pro\/tr\/wp-json\/wp\/v2\/pages"}],"about":[{"href":"https:\/\/egl.doplus.pro\/tr\/wp-json\/wp\/v2\/types\/page"}],"author":[{"embeddable":true,"href":"https:\/\/egl.doplus.pro\/tr\/wp-json\/wp\/v2\/users\/1"}],"replies":[{"embeddable":true,"href":"https:\/\/egl.doplus.pro\/tr\/wp-json\/wp\/v2\/comments?post=338"}],"version-history":[{"count":6,"href":"https:\/\/egl.doplus.pro\/tr\/wp-json\/wp\/v2\/pages\/338\/revisions"}],"predecessor-version":[{"id":1524,"href":"https:\/\/egl.doplus.pro\/tr\/wp-json\/wp\/v2\/pages\/338\/revisions\/1524"}],"wp:attachment":[{"href":"https:\/\/egl.doplus.pro\/tr\/wp-json\/wp\/v2\/media?parent=338"}],"curies":[{"name":"wp","href":"https:\/\/api.w.org\/{rel}","templated":true}]}}