{"id":335,"date":"2022-02-21T11:23:45","date_gmt":"2022-02-21T10:23:45","guid":{"rendered":"http:\/\/egl.jules\/kafkasya-ve-bdt\/"},"modified":"2022-06-23T15:49:40","modified_gmt":"2022-06-23T13:49:40","slug":"kafkasya-ve-bdt","status":"publish","type":"page","link":"https:\/\/egl.doplus.pro\/tr\/kafkasya-ve-bdt\/","title":{"rendered":"Kafkasya ve BDT"},"content":{"rendered":"<p>[et_pb_section fb_built=&#8221;1&#8243; _builder_version=&#8221;4.16&#8243; _module_preset=&#8221;default&#8221; global_colors_info=&#8221;{}&#8221;][et_pb_row _builder_version=&#8221;4.16&#8243; _module_preset=&#8221;default&#8221; global_colors_info=&#8221;{}&#8221;][et_pb_column type=&#8221;4_4&#8243; _builder_version=&#8221;4.16&#8243; _module_preset=&#8221;default&#8221; global_colors_info=&#8221;{}&#8221;][et_pb_button button_url=&#8221;https:\/\/egl.doplus.pro\/tr\/destinasyonlar\/&#8221; button_text=&#8221;D\u00f6n\u00fc\u015f&#8221; _builder_version=&#8221;4.16&#8243; _module_preset=&#8221;default&#8221; custom_button=&#8221;on&#8221; button_text_size=&#8221;13px&#8221; button_text_color=&#8221;#000000&#8243; button_border_width=&#8221;0px&#8221; button_border_radius=&#8221;0px&#8221; button_icon=&#8221;&#x34;||divi||400&#8243; button_icon_placement=&#8221;left&#8221; button_on_hover=&#8221;off&#8221; custom_margin=&#8221;|||80px|false|false&#8221; global_colors_info=&#8221;{}&#8221;][\/et_pb_button][et_pb_text _builder_version=&#8221;4.16&#8243; _module_preset=&#8221;default&#8221; text_font=&#8221;Montserrat||||||||&#8221; text_text_color=&#8221;#181818&#8243; text_font_size=&#8221;42px&#8221; custom_margin=&#8221;|||110px|false|false&#8221; global_colors_info=&#8221;{}&#8221;]<\/p>\n<p class=\"font_0\"><span>Kafkasya ve BDT<\/span><\/p>\n<p>[\/et_pb_text][et_pb_image src=&#8221;http:\/\/egl.doplus.pro\/wp-content\/uploads\/2022\/04\/caucase.png&#8221; title_text=&#8221;Kafkasya&#8221; url=&#8221;https:\/\/www.google.fr\/maps\/place\/Caucasus\/@42.5486068,39.1842675,6z\/data=!3m1!4b1!4m5!3m4!1s0x405b11af05fe6659:0x842159602b3eabc0!8m2!3d43.5851814!4d45&#8243; align=&#8221;center&#8221; _builder_version=&#8221;4.16&#8243; _module_preset=&#8221;default&#8221; global_colors_info=&#8221;{}&#8221;][\/et_pb_image][et_pb_text _builder_version=&#8221;4.16&#8243; _module_preset=&#8221;default&#8221; global_colors_info=&#8221;{}&#8221;]<\/p>\n<h4 class=\"font_0\" style=\"text-align: center;\"><strong>Haritay\u0131 g\u00f6rmek i\u00e7in buraya t\u0131klay\u0131n<\/strong><\/h4>\n<p>[\/et_pb_text][et_pb_text _builder_version=&#8221;4.16&#8243; _module_preset=&#8221;default&#8221; global_colors_info=&#8221;{}&#8221;]<\/p>\n<h1 class=\"font_0\" style=\"text-align: center;\"><strong>\u00dclkeler &#8211; <span class=\"color_18\" style=\"color: #cd0b0c;\">Ba\u015fkentler<\/span><\/strong><\/h1>\n<p>[\/et_pb_text][et_pb_text _builder_version=&#8221;4.16&#8243; _module_preset=&#8221;default&#8221; text_font_size=&#8221;20px&#8221; max_width=&#8221;73%&#8221; module_alignment=&#8221;right&#8221; global_colors_info=&#8221;{}&#8221;]<\/p>\n<p class=\"font_8\" style=\"text-align: justify;\"><span>Abhazya:<\/span> <span style=\"color: #cd0b0c;\"><span class=\"color_18\">Sohum<\/span><\/span> <span>; Afganistan:<\/span> <span class=\"color_18\" style=\"color: #cd0b0c;\">Kabil<\/span><span>;<\/span><\/p>\n<p class=\"font_8\" style=\"text-align: justify;\"><span>Ermenistan:<\/span><span class=\"color_18\" style=\"color: #cd0b0c;\">Erivan<\/span> <span>; Da\u011f\u0131stan:<\/span><span class=\"color_18\" style=\"color: #cd0b0c;\">Maha\u00e7kale<\/span> <span>;<\/span><\/p>\n<p class=\"font_8\" style=\"text-align: justify;\"><span>G\u00fcrcistan:<\/span> <span style=\"color: #cd0b0c;\"><span class=\"color_18\">Tiflis<\/span><\/span> <span>; Kazakistan:<\/span> <span class=\"color_18\" style=\"color: #cd0b0c;\">Nursultan<\/span> <span>;<\/span><\/p>\n<p class=\"font_8\" style=\"text-align: justify;\"><span>K\u0131rg\u0131zistan:<\/span> <span class=\"color_18\" style=\"color: #cd0b0c;\">Bi\u015fkek<\/span> <span>; Mo\u011folistan:<\/span> <span class=\"color_18\" style=\"color: #cd0b0c;\">Ulan Batur<\/span> <span>;<\/span><\/p>\n<p class=\"font_8\" style=\"text-align: justify;\"><span>G\u00fcney Osetya:<\/span><span class=\"color_18\" style=\"color: #cd0b0c;\">Tskhinvali<\/span> <span>; \u00d6zbekistan:<\/span> <span class=\"color_18\" style=\"color: #cd0b0c;\">Ta\u015fkent<\/span> <span>;<\/span><\/p>\n<p class=\"font_8\" style=\"text-align: justify;\"><span>Rusya:<\/span> <span class=\"color_18\" style=\"color: #cd0b0c;\">Moskova<\/span> <span>; Tacikistan:<\/span><span class=\"color_18\" style=\"color: #cd0b0c;\">Du\u015fanbe<\/span> <span>;<\/span><\/p>\n<p class=\"font_8\" style=\"text-align: justify;\"><span>\u00c7e\u00e7enistan:<\/span> <span class=\"color_18\" style=\"color: #cd0b0c;\">Grozni<\/span> <span class=\"color_15\"><span>;<\/span><\/span><span>T\u00fcrkmenistan:<\/span><span class=\"color_18\" style=\"color: #cd0b0c;\">A\u015fkabat<\/span><span class=\"color_15\"><span>;<\/span><\/span><\/p>\n<p class=\"font_8\" style=\"text-align: justify;\"><span>ve Kuzey Osetya-Alanya:<\/span> <span class=\"color_18\"><span><span style=\"color: #cd0b0c;\">Vladikavkaz (b\u00f6lge ba\u015fkenti)<\/span>.<\/span><\/span><\/p>\n<p>[\/et_pb_text][et_pb_text _builder_version=&#8221;4.16&#8243; _module_preset=&#8221;default&#8221; text_font_size=&#8221;10px&#8221; custom_margin=&#8221;|||130px|false|false&#8221; global_colors_info=&#8221;{}&#8221;]<\/p>\n<p class=\"font_0\"><span style=\"color: #000000;\">Kaynak: Vikipedi<\/span><\/p>\n<p>[\/et_pb_text][\/et_pb_column][\/et_pb_row][et_pb_row column_structure=&#8221;1_2,1_2&#8243; _builder_version=&#8221;4.16&#8243; _module_preset=&#8221;default&#8221; global_colors_info=&#8221;{}&#8221;][et_pb_column type=&#8221;1_2&#8243; _builder_version=&#8221;4.16&#8243; _module_preset=&#8221;default&#8221; global_colors_info=&#8221;{}&#8221;][et_pb_button button_url=&#8221;https:\/\/egl.doplus.pro\/tr\/orta-dogu\/&#8221; button_text=&#8221;\u00d6nceki&#8221; _builder_version=&#8221;4.16&#8243; _module_preset=&#8221;default&#8221; custom_button=&#8221;on&#8221; button_text_size=&#8221;12px&#8221; button_text_color=&#8221;#000000&#8243; button_border_width=&#8221;0px&#8221; button_border_radius=&#8221;0px&#8221; button_icon=&#8221;&#x34;||divi||400&#8243; button_icon_placement=&#8221;left&#8221; button_on_hover=&#8221;off&#8221; custom_margin=&#8221;|||80px|false|false&#8221; global_colors_info=&#8221;{}&#8221;][\/et_pb_button][\/et_pb_column][et_pb_column type=&#8221;1_2&#8243; _builder_version=&#8221;4.16&#8243; _module_preset=&#8221;default&#8221; global_colors_info=&#8221;{}&#8221;][et_pb_button button_url=&#8221;https:\/\/egl.doplus.pro\/tr\/magrip\/&#8221; button_text=&#8221;Sonraki&#8221; button_alignment=&#8221;center&#8221; _builder_version=&#8221;4.16&#8243; _module_preset=&#8221;default&#8221; custom_button=&#8221;on&#8221; button_text_size=&#8221;12px&#8221; button_text_color=&#8221;#000000&#8243; button_border_width=&#8221;0px&#8221; button_border_radius=&#8221;0px&#8221; button_icon=&#8221;&#x35;||divi||400&#8243; button_on_hover=&#8221;off&#8221; global_colors_info=&#8221;{}&#8221;][\/et_pb_button][\/et_pb_column][\/et_pb_row][\/et_pb_section]<\/p>\n","protected":false},"excerpt":{"rendered":"<p>Kafkasya ve BDTHaritay\u0131 g\u00f6rmek i\u00e7in buraya t\u0131klay\u0131n\u00dclkeler &#8211; Ba\u015fkentlerAbhazya: Sohum ; Afganistan: Kabil; Ermenistan:Erivan ; Da\u011f\u0131stan:Maha\u00e7kale ; G\u00fcrcistan: Tiflis ; Kazakistan: Nursultan ; K\u0131rg\u0131zistan: Bi\u015fkek ; Mo\u011folistan: Ulan Batur ; G\u00fcney Osetya:Tskhinvali ; \u00d6zbekistan: Ta\u015fkent ; Rusya: Moskova ; Tacikistan:Du\u015fanbe ; \u00c7e\u00e7enistan: Grozni ;T\u00fcrkmenistan:A\u015fkabat; ve Kuzey Osetya-Alanya: Vladikavkaz (b\u00f6lge ba\u015fkenti).Kaynak: Vikipedi<\/p>\n","protected":false},"author":1,"featured_media":0,"parent":0,"menu_order":0,"comment_status":"closed","ping_status":"closed","template":"","meta":{"_et_pb_use_builder":"on","_et_pb_old_content":"","_et_gb_content_width":"","footnotes":""},"class_list":["post-335","page","type-page","status-publish","hentry"],"_links":{"self":[{"href":"https:\/\/egl.doplus.pro\/tr\/wp-json\/wp\/v2\/pages\/335","targetHints":{"allow":["GET"]}}],"collection":[{"href":"https:\/\/egl.doplus.pro\/tr\/wp-json\/wp\/v2\/pages"}],"about":[{"href":"https:\/\/egl.doplus.pro\/tr\/wp-json\/wp\/v2\/types\/page"}],"author":[{"embeddable":true,"href":"https:\/\/egl.doplus.pro\/tr\/wp-json\/wp\/v2\/users\/1"}],"replies":[{"embeddable":true,"href":"https:\/\/egl.doplus.pro\/tr\/wp-json\/wp\/v2\/comments?post=335"}],"version-history":[{"count":5,"href":"https:\/\/egl.doplus.pro\/tr\/wp-json\/wp\/v2\/pages\/335\/revisions"}],"predecessor-version":[{"id":1520,"href":"https:\/\/egl.doplus.pro\/tr\/wp-json\/wp\/v2\/pages\/335\/revisions\/1520"}],"wp:attachment":[{"href":"https:\/\/egl.doplus.pro\/tr\/wp-json\/wp\/v2\/media?parent=335"}],"curies":[{"name":"wp","href":"https:\/\/api.w.org\/{rel}","templated":true}]}}