{"id":332,"date":"2022-02-21T11:06:40","date_gmt":"2022-02-21T10:06:40","guid":{"rendered":"http:\/\/egl.jules\/orta-dogu\/"},"modified":"2022-06-23T15:35:01","modified_gmt":"2022-06-23T13:35:01","slug":"orta-dogu","status":"publish","type":"page","link":"https:\/\/egl.doplus.pro\/tr\/orta-dogu\/","title":{"rendered":"Orta Do\u011fu"},"content":{"rendered":"<p>[et_pb_section fb_built=&#8221;1&#8243; _builder_version=&#8221;4.16&#8243; _module_preset=&#8221;default&#8221; global_colors_info=&#8221;{}&#8221;][et_pb_row _builder_version=&#8221;4.16&#8243; _module_preset=&#8221;default&#8221; global_colors_info=&#8221;{}&#8221;][et_pb_column type=&#8221;4_4&#8243; _builder_version=&#8221;4.16&#8243; _module_preset=&#8221;default&#8221; global_colors_info=&#8221;{}&#8221;][et_pb_button button_url=&#8221;https:\/\/egl.doplus.pro\/tr\/destinasyonlar\/&#8221; button_text=&#8221;D\u00f6n\u00fc\u015f&#8221; _builder_version=&#8221;4.16&#8243; _module_preset=&#8221;default&#8221; custom_button=&#8221;on&#8221; button_text_size=&#8221;13px&#8221; button_text_color=&#8221;#000000&#8243; button_border_width=&#8221;0px&#8221; button_border_radius=&#8221;0px&#8221; button_icon=&#8221;&#x34;||divi||400&#8243; button_icon_placement=&#8221;left&#8221; button_on_hover=&#8221;off&#8221; custom_margin=&#8221;|||193px|false|false&#8221; global_colors_info=&#8221;{}&#8221;][\/et_pb_button][et_pb_text _builder_version=&#8221;4.16&#8243; _module_preset=&#8221;default&#8221; text_font=&#8221;Montserrat||||||||&#8221; text_text_color=&#8221;#181818&#8243; text_font_size=&#8221;42px&#8221; custom_margin=&#8221;|||210px|false|false&#8221; global_colors_info=&#8221;{}&#8221;]<\/p>\n<p class=\"font_0\"><span>Orta Do\u011fu<\/span><\/p>\n<p>[\/et_pb_text][et_pb_image src=&#8221;http:\/\/egl.doplus.pro\/wp-content\/uploads\/2022\/04\/Moyen-orient.png&#8221; title_text=&#8221;Orta Do\u011fu&#8221; url=&#8221;https:\/\/www.google.fr\/maps\/place\/Moyen-Orient\/@26.7946046,35.002034,5z\/data=!3m1!4b1!4m5!3m4!1s0x157ec4658142ffb7:0xa5b8320215ea72c!8m2!3d29.2985278!4d42.5509603&#8243; align=&#8221;center&#8221; _builder_version=&#8221;4.16&#8243; _module_preset=&#8221;default&#8221; global_colors_info=&#8221;{}&#8221;][\/et_pb_image][et_pb_text _builder_version=&#8221;4.16&#8243; _module_preset=&#8221;default&#8221; global_colors_info=&#8221;{}&#8221;]<\/p>\n<h4 class=\"font_0\" style=\"text-align: center;\"><strong>Haritay\u0131 g\u00f6rmek i\u00e7in buraya t\u0131klay\u0131n<\/strong><\/h4>\n<p>[\/et_pb_text][et_pb_text _builder_version=&#8221;4.16&#8243; _module_preset=&#8221;default&#8221; text_font_size=&#8221;20px&#8221; max_width=&#8221;72%&#8221; module_alignment=&#8221;center&#8221; global_colors_info=&#8221;{}&#8221;]<\/p>\n<h1 class=\"font_0\" style=\"text-align: center;\"><strong>\u00dclkeler &#8211; <span class=\"color_18\" style=\"color: #cd0b0c;\">Ba\u015fkentler<\/span><\/strong><\/h1>\n<p>[\/et_pb_text][\/et_pb_column][\/et_pb_row][et_pb_row column_structure=&#8221;1_4,1_4,1_4,1_4&#8243; use_custom_gutter=&#8221;on&#8221; gutter_width=&#8221;1&#8243; _builder_version=&#8221;4.16&#8243; _module_preset=&#8221;default&#8221; global_colors_info=&#8221;{}&#8221;][et_pb_column type=&#8221;1_4&#8243; _builder_version=&#8221;4.16&#8243; _module_preset=&#8221;default&#8221; global_colors_info=&#8221;{}&#8221;][et_pb_text _builder_version=&#8221;4.16&#8243; _module_preset=&#8221;default&#8221; header_font=&#8221;Abhaya Libre||||||||&#8221; header_font_size=&#8221;32px&#8221; global_colors_info=&#8221;{}&#8221;]<\/p>\n<div id=\"comp-kwoudu3p\" class=\"_2Hij5\" data-testid=\"richTextElement\">\n<div id=\"comp-kwp1dpn0\" class=\"_2Hij5\" data-testid=\"richTextElement\">\n<h1 class=\"font_0\" style=\"text-align: center;\"><span style=\"color: #000000;\"><span class=\"color_15\">Suudi Arabistan<\/span><\/span><\/h1>\n<\/div>\n<div id=\"comp-kwp1iqax\" class=\"_1Q9if\" data-testid=\"richTextElement\">\n<h1 class=\"font_0\" style=\"text-align: center;\"><span style=\"color: #cd0b0c;\"><span class=\"color_18\">Riyad<\/span><\/span><\/h1>\n<\/div>\n<\/div>\n<p>[\/et_pb_text][\/et_pb_column][et_pb_column type=&#8221;1_4&#8243; _builder_version=&#8221;4.16&#8243; _module_preset=&#8221;default&#8221; global_colors_info=&#8221;{}&#8221;][et_pb_text _builder_version=&#8221;4.16&#8243; _module_preset=&#8221;default&#8221; header_font=&#8221;Abhaya Libre||||||||&#8221; header_font_size=&#8221;31px&#8221; global_colors_info=&#8221;{}&#8221;]<\/p>\n<div id=\"comp-kwp1k9kl\" class=\"_2Hij5\" data-testid=\"richTextElement\">\n<h1 class=\"font_0\" style=\"text-align: center;\"><span style=\"color: #000000;\"><span class=\"color_15\">Bahreyn<\/span><\/span><\/h1>\n<\/div>\n<div id=\"comp-kwp1lv1a\" class=\"_1Q9if\" data-testid=\"richTextElement\">\n<h1 class=\"font_0\" style=\"text-align: center;\"><span style=\"color: #cd0b0c;\"><span class=\"color_18\">Manama<\/span><\/span><\/h1>\n<\/div>\n<p>[\/et_pb_text][\/et_pb_column][et_pb_column type=&#8221;1_4&#8243; _builder_version=&#8221;4.16&#8243; _module_preset=&#8221;default&#8221; global_colors_info=&#8221;{}&#8221;][et_pb_text _builder_version=&#8221;4.16&#8243; _module_preset=&#8221;default&#8221; header_font=&#8221;Abhaya Libre||||||||&#8221; header_font_size=&#8221;31px&#8221; global_colors_info=&#8221;{}&#8221;]<\/p>\n<div id=\"comp-kwp1unl3\" class=\"_2Hij5\" data-testid=\"richTextElement\">\n<h1 class=\"font_0\" style=\"text-align: center;\"><span style=\"color: #000000;\">Irak<\/span><\/h1>\n<\/div>\n<div id=\"comp-kwp1vbzm\" class=\"_1Q9if\" data-testid=\"richTextElement\">\n<h1 class=\"font_0\" style=\"text-align: center;\"><span style=\"color: #cd0b0c;\"><span class=\"color_18\">Ba\u011fdat<\/span><\/span><\/h1>\n<\/div>\n<p>[\/et_pb_text][\/et_pb_column][et_pb_column type=&#8221;1_4&#8243; _builder_version=&#8221;4.16&#8243; _module_preset=&#8221;default&#8221; global_colors_info=&#8221;{}&#8221;][et_pb_text _builder_version=&#8221;4.16&#8243; _module_preset=&#8221;default&#8221; header_font=&#8221;Abhaya Libre||||||||&#8221; header_font_size=&#8221;31px&#8221; global_colors_info=&#8221;{}&#8221;]<\/p>\n<div id=\"comp-kwp28nam\" class=\"_2Hij5\" data-testid=\"richTextElement\">\n<h1 class=\"font_0\" style=\"text-align: center;\"><span style=\"color: #000000;\">\u0130ran<\/span><\/h1>\n<\/div>\n<div id=\"comp-kwp29sfv\" class=\"_1Q9if\" data-testid=\"richTextElement\">\n<h1 class=\"font_0\" style=\"text-align: center;\"><span class=\"color_18\" style=\"color: #cd0b0c;\">Tahran<\/span><\/h1>\n<\/div>\n<p>[\/et_pb_text][\/et_pb_column][\/et_pb_row][et_pb_row column_structure=&#8221;1_4,1_4,1_4,1_4&#8243; use_custom_gutter=&#8221;on&#8221; gutter_width=&#8221;1&#8243; _builder_version=&#8221;4.16&#8243; _module_preset=&#8221;default&#8221; global_colors_info=&#8221;{}&#8221;][et_pb_column type=&#8221;1_4&#8243; _builder_version=&#8221;4.16&#8243; _module_preset=&#8221;default&#8221; global_colors_info=&#8221;{}&#8221;][et_pb_text _builder_version=&#8221;4.16&#8243; _module_preset=&#8221;default&#8221; header_font=&#8221;Abhaya Libre||||||||&#8221; header_font_size=&#8221;32px&#8221; global_colors_info=&#8221;{}&#8221;]<\/p>\n<div id=\"comp-kz86qh04\" class=\"_2Hij5\" data-testid=\"richTextElement\">\n<h1 class=\"font_0\" style=\"text-align: center;\"><span style=\"color: #000000;\">Isra\u00ebl<\/span><\/h1>\n<\/div>\n<div id=\"comp-kz86qzq4\" class=\"_2Hij5\" data-testid=\"richTextElement\">\n<h1 class=\"font_0\" style=\"text-align: center;\"><span style=\"color: #cd0b0c;\"><span class=\"color_18\"><a href=\"https:\/\/www.google.com\/search?rlz=1C1CHBF_frFR982FR982&amp;sxsrf=APq-WBsmallq9nxm_2aPmcel3umGXVi87g:1643965049293&amp;q=J%C3%A9rusalem&amp;stick=H4sIAAAAAAAAAONgVuLQz9U3MDE2iH_EaMwt8PLHPWEprUlrTl5jVOHiCs7IL3fNK8ksqRQS42KDsnikuLjgmngWsXJ5HV5ZVFqcmJOaCwC7O0CHTwAAAA&amp;sa=X&amp;sqi=2&amp;ved=2ahUKEwjQv6SG1-X1AhVDg3IEHSrVAaoQzIcDKAB6BAgkEAE\" target=\"_blank\" rel=\"noreferrer noopener\" style=\"color: #cd0b0c;\">J\u00e9rusalem<\/a><\/span><\/span><\/h1>\n<\/div>\n<p>[\/et_pb_text][\/et_pb_column][et_pb_column type=&#8221;1_4&#8243; _builder_version=&#8221;4.16&#8243; _module_preset=&#8221;default&#8221; global_colors_info=&#8221;{}&#8221;][et_pb_text _builder_version=&#8221;4.16&#8243; _module_preset=&#8221;default&#8221; header_font=&#8221;Abhaya Libre||||||||&#8221; header_font_size=&#8221;31px&#8221; global_colors_info=&#8221;{}&#8221;]<\/p>\n<div id=\"comp-kwp2adsl\" class=\"_2Hij5\" data-testid=\"richTextElement\">\n<h1 class=\"font_0\" style=\"text-align: center;\"><span style=\"color: #000000;\">\u00dcrd\u00fcn<\/span><\/h1>\n<\/div>\n<div id=\"comp-kwp2boih\" class=\"_1Q9if\" data-testid=\"richTextElement\">\n<h1 class=\"font_0\" style=\"text-align: center;\"><span style=\"color: #cd0b0c;\"><span class=\"color_18\">Amman<\/span><\/span><\/h1>\n<\/div>\n<p>[\/et_pb_text][\/et_pb_column][et_pb_column type=&#8221;1_4&#8243; _builder_version=&#8221;4.16&#8243; _module_preset=&#8221;default&#8221; global_colors_info=&#8221;{}&#8221;][et_pb_text _builder_version=&#8221;4.16&#8243; _module_preset=&#8221;default&#8221; header_font=&#8221;Abhaya Libre||||||||&#8221; header_font_size=&#8221;31px&#8221; global_colors_info=&#8221;{}&#8221;]<\/p>\n<div id=\"comp-kwp2casr\" class=\"_2Hij5\" data-testid=\"richTextElement\">\n<h1 class=\"font_0\" style=\"text-align: center;\"><span style=\"color: #000000;\"><span class=\"color_15\">Kuveyt<\/span><\/span><\/h1>\n<\/div>\n<div id=\"comp-kwp2d6vq\" class=\"_1Q9if\" data-testid=\"richTextElement\">\n<h1 class=\"font_0\" style=\"text-align: center;\"><span style=\"color: #cd0b0c;\"><span class=\"color_18\">Kuveyt<\/span><\/span><\/h1>\n<\/div>\n<p>[\/et_pb_text][\/et_pb_column][et_pb_column type=&#8221;1_4&#8243; _builder_version=&#8221;4.16&#8243; _module_preset=&#8221;default&#8221; global_colors_info=&#8221;{}&#8221;][et_pb_text _builder_version=&#8221;4.16&#8243; _module_preset=&#8221;default&#8221; header_font=&#8221;Abhaya Libre||||||||&#8221; header_font_size=&#8221;31px&#8221; global_colors_info=&#8221;{}&#8221;]<\/p>\n<div id=\"comp-kwoui0ig\" class=\"_2Hij5\" data-testid=\"richTextElement\">\n<h1 class=\"font_0\" style=\"text-align: center;\"><span style=\"color: #000000;\">L\u00fcbnan<\/span><\/h1>\n<h1 class=\"font_0\" style=\"text-align: center;\"><span style=\"color: #cd0b0c;\"><span class=\"color_18\">Beyrut<\/span><\/span><\/h1>\n<\/div>\n<p>[\/et_pb_text][\/et_pb_column][\/et_pb_row][et_pb_row column_structure=&#8221;1_4,1_4,1_4,1_4&#8243; use_custom_gutter=&#8221;on&#8221; gutter_width=&#8221;1&#8243; _builder_version=&#8221;4.16&#8243; _module_preset=&#8221;default&#8221; global_colors_info=&#8221;{}&#8221;][et_pb_column type=&#8221;1_4&#8243; _builder_version=&#8221;4.16&#8243; _module_preset=&#8221;default&#8221; global_colors_info=&#8221;{}&#8221;][et_pb_text _builder_version=&#8221;4.16&#8243; _module_preset=&#8221;default&#8221; header_font=&#8221;Abhaya Libre||||||||&#8221; header_font_size=&#8221;31px&#8221; global_colors_info=&#8221;{}&#8221;]<\/p>\n<div id=\"comp-kwp2ff11\" class=\"_2Hij5\" data-testid=\"richTextElement\">\n<h1 class=\"font_0\" style=\"text-align: center;\"><span style=\"color: #000000;\">Umman<\/span><\/h1>\n<\/div>\n<div id=\"comp-kwp2gb6h\" class=\"_1Q9if\" data-testid=\"richTextElement\">\n<h1 class=\"font_0\" style=\"text-align: center;\"><span style=\"color: #cd0b0c;\"><span class=\"color_18\">maskat<\/span><\/span><\/h1>\n<\/div>\n<p>[\/et_pb_text][\/et_pb_column][et_pb_column type=&#8221;1_4&#8243; _builder_version=&#8221;4.16&#8243; _module_preset=&#8221;default&#8221; global_colors_info=&#8221;{}&#8221;][et_pb_text _builder_version=&#8221;4.16&#8243; _module_preset=&#8221;default&#8221; header_font=&#8221;Abhaya Libre||||||||&#8221; header_font_size=&#8221;31px&#8221; global_colors_info=&#8221;{}&#8221;]<\/p>\n<div id=\"comp-kwou48l9\" class=\"_2Hij5\" data-testid=\"richTextElement\">\n<div id=\"comp-kwp2jnu2\" class=\"_2Hij5\" data-testid=\"richTextElement\">\n<h1 class=\"font_0\" style=\"text-align: center;\"><span style=\"color: #000000;\">Katar<\/span><\/h1>\n<\/div>\n<div id=\"comp-kwp2l87g\" class=\"_1Q9if\" data-testid=\"richTextElement\">\n<h1 class=\"font_0\" style=\"text-align: center;\"><span style=\"color: #cd0b0c;\"><span class=\"color_18\">Doha<\/span><\/span><\/h1>\n<\/div>\n<\/div>\n<p>[\/et_pb_text][\/et_pb_column][et_pb_column type=&#8221;1_4&#8243; _builder_version=&#8221;4.16&#8243; _module_preset=&#8221;default&#8221; global_colors_info=&#8221;{}&#8221;][et_pb_text _builder_version=&#8221;4.17.4&#8243; _module_preset=&#8221;default&#8221; header_font=&#8221;Abhaya Libre||||||||&#8221; header_font_size=&#8221;31px&#8221; hover_enabled=&#8221;0&#8243; global_colors_info=&#8221;{}&#8221; sticky_enabled=&#8221;0&#8243;]<\/p>\n<div id=\"comp-kwoua7wt\" class=\"_2Hij5\" data-testid=\"richTextElement\">\n<div id=\"comp-kwp2k4wl\" class=\"_2Hij5\" data-testid=\"richTextElement\">\n<h1 class=\"font_0\" style=\"text-align: center;\"><span style=\"color: #000000;\">Yemen<\/span><\/h1>\n<\/div>\n<div id=\"comp-kwp2m502\" class=\"_1Q9if\" data-testid=\"richTextElement\">\n<h1 class=\"font_0\" style=\"text-align: center;\"><span style=\"color: #cd0b0c;\"><span class=\"color_18\">Sanaa<\/span><\/span><\/h1>\n<\/div>\n<\/div>\n<p>[\/et_pb_text][\/et_pb_column][et_pb_column type=&#8221;1_4&#8243; _builder_version=&#8221;4.16&#8243; _module_preset=&#8221;default&#8221; global_colors_info=&#8221;{}&#8221;][et_pb_text _builder_version=&#8221;4.16&#8243; _module_preset=&#8221;default&#8221; header_font=&#8221;Abhaya Libre||||||||&#8221; header_font_size=&#8221;31px&#8221; global_colors_info=&#8221;{}&#8221;]<\/p>\n<div id=\"comp-kwp1nudy\" class=\"_2Hij5\" data-testid=\"richTextElement\">\n<h1 class=\"font_0\" style=\"text-align: center;\"><span style=\"color: #000000;\"><span class=\"color_15\">Birle\u015fik Arap Emirlikleri<\/span><\/span><\/h1>\n<\/div>\n<div id=\"comp-kwp1q5up\" class=\"_1Q9if\" data-testid=\"richTextElement\">\n<h1 class=\"font_0\" style=\"text-align: center;\"><span style=\"color: #cd0b0c;\"><span class=\"color_18\">Abu Dabi<\/span><\/span><\/h1>\n<\/div>\n<p>[\/et_pb_text][\/et_pb_column][\/et_pb_row][et_pb_row _builder_version=&#8221;4.16&#8243; _module_preset=&#8221;default&#8221; global_colors_info=&#8221;{}&#8221;][et_pb_column type=&#8221;4_4&#8243; _builder_version=&#8221;4.16&#8243; _module_preset=&#8221;default&#8221; global_colors_info=&#8221;{}&#8221;][et_pb_text _builder_version=&#8221;4.16&#8243; _module_preset=&#8221;default&#8221; text_font_size=&#8221;10px&#8221; custom_margin=&#8221;|||130px|false|false&#8221; global_colors_info=&#8221;{}&#8221;]<\/p>\n<p class=\"font_0\"><span style=\"color: #000000;\">Kaynak: Vikipedi<\/span><\/p>\n<p>[\/et_pb_text][\/et_pb_column][\/et_pb_row][et_pb_row column_structure=&#8221;1_2,1_2&#8243; _builder_version=&#8221;4.16&#8243; _module_preset=&#8221;default&#8221; global_colors_info=&#8221;{}&#8221;][et_pb_column type=&#8221;1_2&#8243; _builder_version=&#8221;4.16&#8243; _module_preset=&#8221;default&#8221; global_colors_info=&#8221;{}&#8221;][et_pb_button button_url=&#8221;https:\/\/egl.doplus.pro\/tr\/balkanlar\/&#8221; button_text=&#8221;\u00d6nceki&#8221; _builder_version=&#8221;4.16&#8243; _module_preset=&#8221;default&#8221; custom_button=&#8221;on&#8221; button_text_size=&#8221;12px&#8221; button_text_color=&#8221;#000000&#8243; button_border_width=&#8221;0px&#8221; button_border_radius=&#8221;0px&#8221; button_icon=&#8221;&#x34;||divi||400&#8243; button_icon_placement=&#8221;left&#8221; button_on_hover=&#8221;off&#8221; custom_margin=&#8221;|||80px|false|false&#8221; global_colors_info=&#8221;{}&#8221;][\/et_pb_button][\/et_pb_column][et_pb_column type=&#8221;1_2&#8243; _builder_version=&#8221;4.16&#8243; _module_preset=&#8221;default&#8221; global_colors_info=&#8221;{}&#8221;][et_pb_button button_url=&#8221;https:\/\/egl.doplus.pro\/tr\/kafkasya-ve-bdt\/&#8221; button_text=&#8221;Sonraki&#8221; button_alignment=&#8221;center&#8221; _builder_version=&#8221;4.16&#8243; _module_preset=&#8221;default&#8221; custom_button=&#8221;on&#8221; button_text_size=&#8221;12px&#8221; button_text_color=&#8221;#000000&#8243; button_border_width=&#8221;0px&#8221; button_border_radius=&#8221;0px&#8221; button_icon=&#8221;&#x35;||divi||400&#8243; button_on_hover=&#8221;off&#8221; global_colors_info=&#8221;{}&#8221;][\/et_pb_button][\/et_pb_column][\/et_pb_row][\/et_pb_section]<\/p>\n","protected":false},"excerpt":{"rendered":"<p>Orta Do\u011fuHaritay\u0131 g\u00f6rmek i\u00e7in buraya t\u0131klay\u0131n\u00dclkeler &#8211; Ba\u015fkentler Suudi Arabistan Riyad Bahreyn Manama Irak Ba\u011fdat \u0130ran Tahran Isra\u00ebl J\u00e9rusalem \u00dcrd\u00fcn Amman Kuveyt Kuveyt L\u00fcbnan Beyrut Umman maskat Katar Doha Yemen Sanaa Birle\u015fik Arap Emirlikleri Abu Dabi Kaynak: Vikipedi<\/p>\n","protected":false},"author":1,"featured_media":0,"parent":0,"menu_order":0,"comment_status":"closed","ping_status":"closed","template":"","meta":{"_et_pb_use_builder":"on","_et_pb_old_content":"","_et_gb_content_width":"","footnotes":""},"class_list":["post-332","page","type-page","status-publish","hentry"],"_links":{"self":[{"href":"https:\/\/egl.doplus.pro\/tr\/wp-json\/wp\/v2\/pages\/332","targetHints":{"allow":["GET"]}}],"collection":[{"href":"https:\/\/egl.doplus.pro\/tr\/wp-json\/wp\/v2\/pages"}],"about":[{"href":"https:\/\/egl.doplus.pro\/tr\/wp-json\/wp\/v2\/types\/page"}],"author":[{"embeddable":true,"href":"https:\/\/egl.doplus.pro\/tr\/wp-json\/wp\/v2\/users\/1"}],"replies":[{"embeddable":true,"href":"https:\/\/egl.doplus.pro\/tr\/wp-json\/wp\/v2\/comments?post=332"}],"version-history":[{"count":6,"href":"https:\/\/egl.doplus.pro\/tr\/wp-json\/wp\/v2\/pages\/332\/revisions"}],"predecessor-version":[{"id":1515,"href":"https:\/\/egl.doplus.pro\/tr\/wp-json\/wp\/v2\/pages\/332\/revisions\/1515"}],"wp:attachment":[{"href":"https:\/\/egl.doplus.pro\/tr\/wp-json\/wp\/v2\/media?parent=332"}],"curies":[{"name":"wp","href":"https:\/\/api.w.org\/{rel}","templated":true}]}}