{"id":328,"date":"2022-02-21T10:48:07","date_gmt":"2022-02-21T09:48:07","guid":{"rendered":"http:\/\/egl.jules\/balkanlar\/"},"modified":"2022-06-23T15:16:59","modified_gmt":"2022-06-23T13:16:59","slug":"balkanlar","status":"publish","type":"page","link":"https:\/\/egl.doplus.pro\/tr\/balkanlar\/","title":{"rendered":"Balkanlar"},"content":{"rendered":"<p>[et_pb_section fb_built=&#8221;1&#8243; _builder_version=&#8221;4.16&#8243; _module_preset=&#8221;default&#8221; global_colors_info=&#8221;{}&#8221;][et_pb_row _builder_version=&#8221;4.16&#8243; _module_preset=&#8221;default&#8221; global_colors_info=&#8221;{}&#8221;][et_pb_column type=&#8221;4_4&#8243; _builder_version=&#8221;4.16&#8243; _module_preset=&#8221;default&#8221; global_colors_info=&#8221;{}&#8221;][et_pb_button button_url=&#8221;https:\/\/egl.doplus.pro\/tr\/destinasyonlar\/&#8221; button_text=&#8221;D\u00f6n\u00fc\u015f&#8221; _builder_version=&#8221;4.16&#8243; _module_preset=&#8221;default&#8221; custom_button=&#8221;on&#8221; button_text_size=&#8221;13px&#8221; button_text_color=&#8221;#000000&#8243; button_border_width=&#8221;0px&#8221; button_border_radius=&#8221;0px&#8221; button_icon=&#8221;&#x34;||divi||400&#8243; button_icon_placement=&#8221;left&#8221; button_on_hover=&#8221;off&#8221; custom_margin=&#8221;|||193px|false|false&#8221; global_colors_info=&#8221;{}&#8221;][\/et_pb_button][et_pb_text _builder_version=&#8221;4.16&#8243; _module_preset=&#8221;default&#8221; text_font=&#8221;Montserrat||||||||&#8221; text_text_color=&#8221;#181818&#8243; text_font_size=&#8221;42px&#8221; custom_margin=&#8221;|||210px|false|false&#8221; global_colors_info=&#8221;{}&#8221;]<\/p>\n<p class=\"font_0\"><span>Balkanlar<\/span><\/p>\n<p>[\/et_pb_text][et_pb_image src=&#8221;http:\/\/egl.doplus.pro\/wp-content\/uploads\/2022\/04\/balkans.png&#8221; title_text=&#8221;balkanlar&#8221; url=&#8221;https:\/\/www.google.fr\/maps\/place\/Balkans\/@41.316719,17.0835623,6z\/data=!3m1!4b1!4m5!3m4!1s0x13568040c211aea7:0xfdff7f63490b475d!8m2!3d41.8101472!4d21.0937311&#8243; align=&#8221;center&#8221; _builder_version=&#8221;4.17.4&#8243; _module_preset=&#8221;default&#8221; hover_enabled=&#8221;0&#8243; global_colors_info=&#8221;{}&#8221; sticky_enabled=&#8221;0&#8243;][\/et_pb_image][et_pb_text _builder_version=&#8221;4.16&#8243; _module_preset=&#8221;default&#8221; text_text_color=&#8221;#181818&#8243; global_colors_info=&#8221;{}&#8221;]<\/p>\n<h4 class=\"font_0\" style=\"text-align: center;\"><strong>Haritay\u0131 g\u00f6rmek i\u00e7in buraya t\u0131klay\u0131n<\/strong><\/h4>\n<p>[\/et_pb_text][et_pb_text _builder_version=&#8221;4.16&#8243; _module_preset=&#8221;default&#8221; text_text_color=&#8221;#181818&#8243; text_font_size=&#8221;20px&#8221; max_width=&#8221;72%&#8221; module_alignment=&#8221;center&#8221; global_colors_info=&#8221;{}&#8221;]<\/p>\n<h1 class=\"font_0\" style=\"text-align: center;\"><strong>\u00dclkeler &#8211; <span class=\"color_18\" style=\"color: #cd0b0c;\">Ba\u015fkentler<\/span><\/strong><\/h1>\n<p>[\/et_pb_text][\/et_pb_column][\/et_pb_row][et_pb_row column_structure=&#8221;1_3,1_3,1_3&#8243; use_custom_gutter=&#8221;on&#8221; gutter_width=&#8221;1&#8243; _builder_version=&#8221;4.16&#8243; _module_preset=&#8221;default&#8221; global_colors_info=&#8221;{}&#8221;][et_pb_column type=&#8221;1_3&#8243; _builder_version=&#8221;4.16&#8243; _module_preset=&#8221;default&#8221; global_colors_info=&#8221;{}&#8221;][et_pb_text _builder_version=&#8221;4.16&#8243; _module_preset=&#8221;default&#8221; header_font=&#8221;Abhaya Libre||||||||&#8221; header_font_size=&#8221;32px&#8221; global_colors_info=&#8221;{}&#8221;]<\/p>\n<div id=\"comp-kwoudu3p\" class=\"_2Hij5\" data-testid=\"richTextElement\">\n<h1 class=\"font_0\" style=\"text-align: center;\"><span style=\"color: #000000;\">Arnavutluk<\/span><\/h1>\n<\/div>\n<div id=\"comp-kwouevtl\" class=\"_2Hij5\" data-testid=\"richTextElement\">\n<h1 class=\"font_0\" style=\"text-align: center;\"><span style=\"color: #cd0b0c;\"><span class=\"color_18\">Tiran<\/span><\/span><\/h1>\n<\/div>\n<p>[\/et_pb_text][\/et_pb_column][et_pb_column type=&#8221;1_3&#8243; _builder_version=&#8221;4.16&#8243; _module_preset=&#8221;default&#8221; global_colors_info=&#8221;{}&#8221;][et_pb_text _builder_version=&#8221;4.16&#8243; _module_preset=&#8221;default&#8221; header_font=&#8221;Abhaya Libre||||||||&#8221; header_font_size=&#8221;31px&#8221; global_colors_info=&#8221;{}&#8221;]<\/p>\n<div id=\"comp-kwoufhnb\" class=\"_2Hij5\" data-testid=\"richTextElement\">\n<h1 class=\"font_0\" style=\"text-align: center;\"><span style=\"color: #000000;\">Bosna Hersek<\/span><\/h1>\n<\/div>\n<div id=\"comp-kwoug984\" class=\"_1Q9if\" data-testid=\"richTextElement\">\n<h1 class=\"font_0\" style=\"text-align: center;\"><span style=\"color: #cd0b0c;\"><span class=\"color_18\">Saraybosna<\/span><\/span><\/h1>\n<\/div>\n<p>[\/et_pb_text][\/et_pb_column][et_pb_column type=&#8221;1_3&#8243; _builder_version=&#8221;4.16&#8243; _module_preset=&#8221;default&#8221; global_colors_info=&#8221;{}&#8221;][et_pb_text _builder_version=&#8221;4.16&#8243; _module_preset=&#8221;default&#8221; header_font=&#8221;Abhaya Libre||||||||&#8221; header_font_size=&#8221;31px&#8221; global_colors_info=&#8221;{}&#8221;]<\/p>\n<div id=\"comp-kwoui0ig\" class=\"_2Hij5\" data-testid=\"richTextElement\">\n<h1 class=\"font_0\" style=\"text-align: center;\"><span style=\"color: #000000;\">Kosova<\/span><\/h1>\n<\/div>\n<div id=\"comp-kwoukp9e\" class=\"_1Q9if\" data-testid=\"richTextElement\">\n<h1 class=\"font_0\" style=\"text-align: center;\"><span style=\"color: #cd0b0c;\"><span class=\"color_18\">Pri\u015ftine<\/span><\/span><\/h1>\n<\/div>\n<p>[\/et_pb_text][\/et_pb_column][\/et_pb_row][et_pb_row column_structure=&#8221;1_3,1_3,1_3&#8243; use_custom_gutter=&#8221;on&#8221; gutter_width=&#8221;1&#8243; _builder_version=&#8221;4.16&#8243; _module_preset=&#8221;default&#8221; global_colors_info=&#8221;{}&#8221;][et_pb_column type=&#8221;1_3&#8243; _builder_version=&#8221;4.16&#8243; _module_preset=&#8221;default&#8221; global_colors_info=&#8221;{}&#8221;][et_pb_text _builder_version=&#8221;4.16&#8243; _module_preset=&#8221;default&#8221; header_font=&#8221;Abhaya Libre||||||||&#8221; header_font_size=&#8221;31px&#8221; global_colors_info=&#8221;{}&#8221;]<\/p>\n<div id=\"comp-kwoub9oq\" class=\"_2Hij5\" data-testid=\"richTextElement\">\n<h1 class=\"font_0\" style=\"text-align: center;\"><span style=\"color: #000000;\">Makedonya<\/span><\/h1>\n<\/div>\n<div id=\"comp-kwoubyap\" class=\"_1Q9if\" data-testid=\"richTextElement\">\n<h1 class=\"font_0\" style=\"text-align: center;\"><span style=\"color: #cd0b0c;\"><span class=\"color_18\">\u00dcsk\u00fcp<\/span><\/span><\/h1>\n<\/div>\n<p>[\/et_pb_text][\/et_pb_column][et_pb_column type=&#8221;1_3&#8243; _builder_version=&#8221;4.16&#8243; _module_preset=&#8221;default&#8221; global_colors_info=&#8221;{}&#8221;][et_pb_text _builder_version=&#8221;4.16&#8243; _module_preset=&#8221;default&#8221; header_font=&#8221;Abhaya Libre||||||||&#8221; header_font_size=&#8221;31px&#8221; global_colors_info=&#8221;{}&#8221;]<\/p>\n<div id=\"comp-kwou48l9\" class=\"_2Hij5\" data-testid=\"richTextElement\">\n<h1 class=\"font_0\" style=\"text-align: center;\"><span style=\"color: #000000;\">Karada\u011f<\/span><\/h1>\n<\/div>\n<div id=\"comp-kwou6e1b\" class=\"_1Q9if\" data-testid=\"richTextElement\">\n<h1 class=\"font_0\" style=\"text-align: center;\"><span style=\"color: #cd0b0c;\"><span class=\"color_18\">Podgoritsa<\/span><\/span><\/h1>\n<\/div>\n<p>[\/et_pb_text][\/et_pb_column][et_pb_column type=&#8221;1_3&#8243; _builder_version=&#8221;4.16&#8243; _module_preset=&#8221;default&#8221; global_colors_info=&#8221;{}&#8221;][et_pb_text _builder_version=&#8221;4.16&#8243; _module_preset=&#8221;default&#8221; header_font=&#8221;Abhaya Libre||||||||&#8221; header_font_size=&#8221;31px&#8221; global_colors_info=&#8221;{}&#8221;]<\/p>\n<div id=\"comp-kwoua7wt\" class=\"_2Hij5\" data-testid=\"richTextElement\">\n<h1 class=\"font_0\" style=\"text-align: center;\"><span style=\"color: #000000;\">S\u0131rbistan<\/span><\/h1>\n<\/div>\n<div id=\"comp-kwouamec\" class=\"_1Q9if\" data-testid=\"richTextElement\">\n<h1 class=\"font_0\" style=\"text-align: center;\"><span style=\"color: #cd0b0c;\"><span class=\"color_18\">Belgrad<\/span><\/span><\/h1>\n<\/div>\n<p>[\/et_pb_text][\/et_pb_column][\/et_pb_row][et_pb_row _builder_version=&#8221;4.16&#8243; _module_preset=&#8221;default&#8221; global_colors_info=&#8221;{}&#8221;][et_pb_column type=&#8221;4_4&#8243; _builder_version=&#8221;4.16&#8243; _module_preset=&#8221;default&#8221; global_colors_info=&#8221;{}&#8221;][et_pb_text _builder_version=&#8221;4.16&#8243; _module_preset=&#8221;default&#8221; text_font_size=&#8221;10px&#8221; custom_margin=&#8221;|||130px|false|false&#8221; global_colors_info=&#8221;{}&#8221;]<\/p>\n<p class=\"font_0\"><span style=\"color: #000000;\">Kaynak: Vikipedi<\/span><\/p>\n<p>[\/et_pb_text][\/et_pb_column][\/et_pb_row][et_pb_row column_structure=&#8221;1_2,1_2&#8243; _builder_version=&#8221;4.16&#8243; _module_preset=&#8221;default&#8221; global_colors_info=&#8221;{}&#8221;][et_pb_column type=&#8221;1_2&#8243; _builder_version=&#8221;4.16&#8243; _module_preset=&#8221;default&#8221; global_colors_info=&#8221;{}&#8221;][et_pb_button button_url=&#8221;https:\/\/egl.doplus.pro\/tr\/yunanistan\/&#8221; button_text=&#8221;\u00d6nceki&#8221; _builder_version=&#8221;4.16&#8243; _module_preset=&#8221;default&#8221; custom_button=&#8221;on&#8221; button_text_size=&#8221;12px&#8221; button_text_color=&#8221;#000000&#8243; button_border_width=&#8221;0px&#8221; button_border_radius=&#8221;0px&#8221; button_icon=&#8221;&#x34;||divi||400&#8243; button_icon_placement=&#8221;left&#8221; button_on_hover=&#8221;off&#8221; custom_margin=&#8221;|||80px|false|false&#8221; global_colors_info=&#8221;{}&#8221;][\/et_pb_button][\/et_pb_column][et_pb_column type=&#8221;1_2&#8243; _builder_version=&#8221;4.16&#8243; _module_preset=&#8221;default&#8221; global_colors_info=&#8221;{}&#8221;][et_pb_button button_url=&#8221;https:\/\/egl.doplus.pro\/tr\/orta-dogu\/&#8221; button_text=&#8221;Sonraki&#8221; button_alignment=&#8221;center&#8221; _builder_version=&#8221;4.16&#8243; _module_preset=&#8221;default&#8221; custom_button=&#8221;on&#8221; button_text_size=&#8221;12px&#8221; button_text_color=&#8221;#000000&#8243; button_border_width=&#8221;0px&#8221; button_border_radius=&#8221;0px&#8221; button_icon=&#8221;&#x35;||divi||400&#8243; button_on_hover=&#8221;off&#8221; global_colors_info=&#8221;{}&#8221;][\/et_pb_button][\/et_pb_column][\/et_pb_row][\/et_pb_section]<\/p>\n","protected":false},"excerpt":{"rendered":"<p>BalkanlarHaritay\u0131 g\u00f6rmek i\u00e7in buraya t\u0131klay\u0131n\u00dclkeler &#8211; Ba\u015fkentler Arnavutluk Tiran Bosna Hersek Saraybosna Kosova Pri\u015ftine Makedonya \u00dcsk\u00fcp Karada\u011f Podgoritsa S\u0131rbistan Belgrad Kaynak: Vikipedi<\/p>\n","protected":false},"author":1,"featured_media":0,"parent":0,"menu_order":0,"comment_status":"closed","ping_status":"closed","template":"","meta":{"_et_pb_use_builder":"on","_et_pb_old_content":"","_et_gb_content_width":"","footnotes":""},"class_list":["post-328","page","type-page","status-publish","hentry"],"_links":{"self":[{"href":"https:\/\/egl.doplus.pro\/tr\/wp-json\/wp\/v2\/pages\/328","targetHints":{"allow":["GET"]}}],"collection":[{"href":"https:\/\/egl.doplus.pro\/tr\/wp-json\/wp\/v2\/pages"}],"about":[{"href":"https:\/\/egl.doplus.pro\/tr\/wp-json\/wp\/v2\/types\/page"}],"author":[{"embeddable":true,"href":"https:\/\/egl.doplus.pro\/tr\/wp-json\/wp\/v2\/users\/1"}],"replies":[{"embeddable":true,"href":"https:\/\/egl.doplus.pro\/tr\/wp-json\/wp\/v2\/comments?post=328"}],"version-history":[{"count":5,"href":"https:\/\/egl.doplus.pro\/tr\/wp-json\/wp\/v2\/pages\/328\/revisions"}],"predecessor-version":[{"id":1512,"href":"https:\/\/egl.doplus.pro\/tr\/wp-json\/wp\/v2\/pages\/328\/revisions\/1512"}],"wp:attachment":[{"href":"https:\/\/egl.doplus.pro\/tr\/wp-json\/wp\/v2\/media?parent=328"}],"curies":[{"name":"wp","href":"https:\/\/api.w.org\/{rel}","templated":true}]}}