{"id":319,"date":"2022-02-21T10:39:18","date_gmt":"2022-02-21T09:39:18","guid":{"rendered":"http:\/\/egl.jules\/yunanistan\/"},"modified":"2022-05-25T10:56:30","modified_gmt":"2022-05-25T08:56:30","slug":"yunanistan","status":"publish","type":"page","link":"https:\/\/egl.doplus.pro\/tr\/yunanistan\/","title":{"rendered":"Yunanistan"},"content":{"rendered":"<p>[et_pb_section fb_built=&#8221;1&#8243; _builder_version=&#8221;4.14.7&#8243; _module_preset=&#8221;default&#8221; global_colors_info=&#8221;{}&#8221;][et_pb_row _builder_version=&#8221;4.14.7&#8243; _module_preset=&#8221;default&#8221; global_colors_info=&#8221;{}&#8221;][et_pb_column type=&#8221;4_4&#8243; _builder_version=&#8221;4.14.7&#8243; _module_preset=&#8221;default&#8221; global_colors_info=&#8221;{}&#8221;][et_pb_button button_url=&#8221;https:\/\/egl.doplus.pro\/tr\/destinasyonlar\/&#8221; button_text=&#8221;D\u00f6n\u00fc\u015f&#8221; _builder_version=&#8221;4.14.7&#8243; _module_preset=&#8221;default&#8221; custom_button=&#8221;on&#8221; button_text_size=&#8221;13px&#8221; button_text_color=&#8221;#000000&#8243; button_border_width=&#8221;0px&#8221; button_border_radius=&#8221;0px&#8221; button_icon=&#8221;&#x34;||divi||400&#8243; button_icon_placement=&#8221;left&#8221; button_on_hover=&#8221;off&#8221; custom_margin=&#8221;|||80px|false|false&#8221; global_colors_info=&#8221;{}&#8221;][\/et_pb_button][et_pb_text _builder_version=&#8221;4.14.7&#8243; _module_preset=&#8221;default&#8221; custom_margin=&#8221;|||110px|false|false&#8221; hover_enabled=&#8221;0&#8243; global_colors_info=&#8221;{}&#8221; text_font_size=&#8221;42px&#8221; text_text_color=&#8221;#181818&#8243; sticky_enabled=&#8221;0&#8243;]<\/p>\n<p class=\"font_0\"><span>Yunanistan<\/span><\/p>\n<p>[\/et_pb_text][et_pb_image src=&#8221;http:\/\/egl.doplus.pro\/wp-content\/uploads\/2022\/04\/crane-g6dfad3de8_1920.jpg&#8221; url=&#8221;https:\/\/www.google.com\/maps\/place\/Gr%C3%A8ce\/@38.0602976,19.99122,6z\/data=!3m1!4b1!4m5!3m4!1s0x135b4ac711716c63:0x363a1775dc9a2d1d!8m2!3d39.074208!4d21.824312&#8243; align=&#8221;center&#8221; _builder_version=&#8221;4.14.7&#8243; _module_preset=&#8221;default&#8221; hover_enabled=&#8221;0&#8243; global_colors_info=&#8221;{}&#8221; title_text=&#8221;crane-g6dfad3de8_1920&#8243; sticky_enabled=&#8221;0&#8243;][\/et_pb_image][et_pb_text _builder_version=&#8221;4.14.7&#8243; _module_preset=&#8221;default&#8221; hover_enabled=&#8221;0&#8243; global_colors_info=&#8221;{}&#8221; text_text_color=&#8221;#181818&#8243; text_font_size=&#8221;24px&#8221; sticky_enabled=&#8221;0&#8243;]<\/p>\n<p class=\"font_0\" style=\"text-align: center;\"><strong>Haritay\u0131 g\u00f6rmek i\u00e7in buraya t\u0131klay\u0131n<\/strong><\/p>\n<p>[\/et_pb_text][et_pb_text _builder_version=&#8221;4.14.7&#8243; _module_preset=&#8221;default&#8221; text_font_size=&#8221;24px&#8221; max_width=&#8221;72%&#8221; module_alignment=&#8221;center&#8221; hover_enabled=&#8221;0&#8243; global_colors_info=&#8221;{}&#8221; text_font=&#8221;Amiri||||||||&#8221; sticky_enabled=&#8221;0&#8243; text_text_color=&#8221;#181818&#8243;]<\/p>\n<p><span style=\"color: #000000;\">Ba\u015fkent: Atina<\/span><br \/><span style=\"color: #000000;\">Dil: Yunanca<\/span><br \/><span style=\"color: #000000;\">10.72 milyon n\u00fcfus (2020)<\/span><br \/><span style=\"color: #000000;\">Ba\u015fkan: Ekaterini Sakellaropoulou<\/span><br \/><span style=\"color: #000000;\">En b\u00fcy\u00fck havaalan\u0131: Atina Uluslararas\u0131 Havaalan\u0131<\/span><br \/><span style=\"color: #000000;\">En b\u00fcy\u00fck liman: Pire<\/span><br \/><span style=\"color: #000000;\">Para birimi: Euro<\/span><br \/><span style=\"color: #000000;\">Yol uzunlu\u011fu: 117.000 km<\/span><\/p>\n<p>[\/et_pb_text][et_pb_text _builder_version=&#8221;4.14.7&#8243; _module_preset=&#8221;default&#8221; text_font_size=&#8221;10px&#8221; custom_margin=&#8221;|||130px|false|false&#8221; global_colors_info=&#8221;{}&#8221;]<\/p>\n<p class=\"font_0\"><span style=\"color: #000000;\">Kaynak: Vikipedi<\/span><\/p>\n<p>[\/et_pb_text][\/et_pb_column][\/et_pb_row][et_pb_row column_structure=&#8221;1_2,1_2&#8243; _builder_version=&#8221;4.14.7&#8243; _module_preset=&#8221;default&#8221; global_colors_info=&#8221;{}&#8221;][et_pb_column type=&#8221;1_2&#8243; _builder_version=&#8221;4.14.7&#8243; _module_preset=&#8221;default&#8221; global_colors_info=&#8221;{}&#8221;][et_pb_button button_url=&#8221;https:\/\/egl.doplus.pro\/tr\/turkiye\/&#8221; button_text=&#8221;\u00d6nceki&#8221; _builder_version=&#8221;4.14.7&#8243; _module_preset=&#8221;default&#8221; custom_button=&#8221;on&#8221; button_text_size=&#8221;12px&#8221; button_text_color=&#8221;#000000&#8243; button_border_width=&#8221;0px&#8221; button_border_radius=&#8221;0px&#8221; button_icon=&#8221;&#x34;||divi||400&#8243; button_icon_placement=&#8221;left&#8221; button_on_hover=&#8221;off&#8221; custom_margin=&#8221;|||80px|false|false&#8221; global_colors_info=&#8221;{}&#8221;][\/et_pb_button][\/et_pb_column][et_pb_column type=&#8221;1_2&#8243; _builder_version=&#8221;4.14.7&#8243; _module_preset=&#8221;default&#8221; global_colors_info=&#8221;{}&#8221;][et_pb_button button_url=&#8221;https:\/\/egl.doplus.pro\/tr\/balkanlar\/&#8221; button_text=&#8221;Sonraki&#8221; button_alignment=&#8221;center&#8221; _builder_version=&#8221;4.14.7&#8243; _module_preset=&#8221;default&#8221; custom_button=&#8221;on&#8221; button_text_size=&#8221;12px&#8221; button_text_color=&#8221;#000000&#8243; button_border_width=&#8221;0px&#8221; button_border_radius=&#8221;0px&#8221; button_icon=&#8221;&#x35;||divi||400&#8243; button_on_hover=&#8221;off&#8221; global_colors_info=&#8221;{}&#8221;][\/et_pb_button][\/et_pb_column][\/et_pb_row][\/et_pb_section]<\/p>\n","protected":false},"excerpt":{"rendered":"<p>YunanistanHaritay\u0131 g\u00f6rmek i\u00e7in buraya t\u0131klay\u0131nBa\u015fkent: AtinaDil: Yunanca10.72 milyon n\u00fcfus (2020)Ba\u015fkan: Ekaterini SakellaropoulouEn b\u00fcy\u00fck havaalan\u0131: Atina Uluslararas\u0131 Havaalan\u0131En b\u00fcy\u00fck liman: PirePara birimi: EuroYol uzunlu\u011fu: 117.000 kmKaynak: Vikipedi<\/p>\n","protected":false},"author":1,"featured_media":0,"parent":0,"menu_order":0,"comment_status":"closed","ping_status":"closed","template":"","meta":{"_et_pb_use_builder":"on","_et_pb_old_content":"","_et_gb_content_width":"","footnotes":""},"class_list":["post-319","page","type-page","status-publish","hentry"],"_links":{"self":[{"href":"https:\/\/egl.doplus.pro\/tr\/wp-json\/wp\/v2\/pages\/319","targetHints":{"allow":["GET"]}}],"collection":[{"href":"https:\/\/egl.doplus.pro\/tr\/wp-json\/wp\/v2\/pages"}],"about":[{"href":"https:\/\/egl.doplus.pro\/tr\/wp-json\/wp\/v2\/types\/page"}],"author":[{"embeddable":true,"href":"https:\/\/egl.doplus.pro\/tr\/wp-json\/wp\/v2\/users\/1"}],"replies":[{"embeddable":true,"href":"https:\/\/egl.doplus.pro\/tr\/wp-json\/wp\/v2\/comments?post=319"}],"version-history":[{"count":4,"href":"https:\/\/egl.doplus.pro\/tr\/wp-json\/wp\/v2\/pages\/319\/revisions"}],"predecessor-version":[{"id":946,"href":"https:\/\/egl.doplus.pro\/tr\/wp-json\/wp\/v2\/pages\/319\/revisions\/946"}],"wp:attachment":[{"href":"https:\/\/egl.doplus.pro\/tr\/wp-json\/wp\/v2\/media?parent=319"}],"curies":[{"name":"wp","href":"https:\/\/api.w.org\/{rel}","templated":true}]}}