{"id":316,"date":"2022-02-21T10:08:24","date_gmt":"2022-02-21T09:08:24","guid":{"rendered":"http:\/\/egl.jules\/turkiye\/"},"modified":"2022-05-25T10:47:21","modified_gmt":"2022-05-25T08:47:21","slug":"turkiye","status":"publish","type":"page","link":"https:\/\/egl.doplus.pro\/tr\/turkiye\/","title":{"rendered":"T\u00fcrkiye"},"content":{"rendered":"<p>[et_pb_section fb_built=&#8221;1&#8243; _builder_version=&#8221;4.14.7&#8243; _module_preset=&#8221;default&#8221; custom_padding=&#8221;0px||0px||true|false&#8221; global_colors_info=&#8221;{}&#8221;][et_pb_row _builder_version=&#8221;4.14.7&#8243; _module_preset=&#8221;default&#8221; global_colors_info=&#8221;{}&#8221;][et_pb_column type=&#8221;4_4&#8243; _builder_version=&#8221;4.14.7&#8243; _module_preset=&#8221;default&#8221; global_colors_info=&#8221;{}&#8221;][et_pb_button button_url=&#8221;https:\/\/egl.doplus.pro\/tr\/destinasyonlar\/&#8221; button_text=&#8221;D\u00f6n\u00fc\u015f&#8221; _builder_version=&#8221;4.14.7&#8243; _module_preset=&#8221;default&#8221; custom_button=&#8221;on&#8221; button_text_size=&#8221;13px&#8221; button_text_color=&#8221;#000000&#8243; button_border_width=&#8221;0px&#8221; button_border_radius=&#8221;0px&#8221; button_icon=&#8221;&#x34;||divi||400&#8243; button_icon_placement=&#8221;left&#8221; button_on_hover=&#8221;off&#8221; custom_margin=&#8221;|||80px|false|false&#8221; global_colors_info=&#8221;{}&#8221;][\/et_pb_button][et_pb_text _builder_version=&#8221;4.14.7&#8243; _module_preset=&#8221;default&#8221; max_width=&#8221;79%&#8221; module_alignment=&#8221;center&#8221; hover_enabled=&#8221;0&#8243; global_colors_info=&#8221;{}&#8221; text_font_size=&#8221;42px&#8221; text_text_color=&#8221;#181818&#8243; sticky_enabled=&#8221;0&#8243;]<\/p>\n<p class=\"font_0\"><span>T\u00fcrkiye<\/span><\/p>\n<p>[\/et_pb_text][et_pb_image src=&#8221;https:\/\/static.wixstatic.com\/media\/7f7203_5dd2062857ac4f7f8dab4e7875c52424~mv2.jpg\/v1\/fill\/w_850,h_481,al_c,q_85,usm_0.66_1.00_0.01\/take-off-gf44ac1267_1920.webp&#8221; url=&#8221;https:\/\/www.google.com\/maps\/place\/Turquie\/@38.7412482,26.1844276,5z\/data=!3m1!4b1!4m5!3m4!1s0x14b0155c964f2671:0x40d9dbd42a625f2a!8m2!3d38.963745!4d35.243322&#8243; align=&#8221;center&#8221; _builder_version=&#8221;4.14.7&#8243; _module_preset=&#8221;default&#8221; global_colors_info=&#8221;{}&#8221;][\/et_pb_image][et_pb_text _builder_version=&#8221;4.14.7&#8243; _module_preset=&#8221;default&#8221; hover_enabled=&#8221;0&#8243; global_colors_info=&#8221;{}&#8221; text_font_size=&#8221;24px&#8221; text_text_color=&#8221;#181818&#8243; sticky_enabled=&#8221;0&#8243;]<\/p>\n<p class=\"font_0\" style=\"text-align: center;\"><strong>Haritay\u0131 g\u00f6rmek i\u00e7in buraya t\u0131klay\u0131n<\/strong><\/p>\n<p>[\/et_pb_text][et_pb_text _builder_version=&#8221;4.14.7&#8243; _module_preset=&#8221;default&#8221; text_font_size=&#8221;24px&#8221; max_width=&#8221;72%&#8221; module_alignment=&#8221;center&#8221; hover_enabled=&#8221;0&#8243; global_colors_info=&#8221;{}&#8221; text_font=&#8221;Amiri||||||||&#8221; sticky_enabled=&#8221;0&#8243;]<\/p>\n<p><span style=\"color: #000000;\">Ba\u015fkent: Ankara<\/span><br \/><span style=\"color: #000000;\">Dil: T\u00fcrk\u00e7e<\/span><br \/><span style=\"color: #000000;\">84.34 milyon n\u00fcfus (2020)<\/span><br \/><span style=\"color: #000000;\">Cumhurba\u015fkan\u0131: Recep Tayyip Erdo\u011fan<\/span><br \/><span style=\"color: #000000;\">En b\u00fcy\u00fck havaalan\u0131: \u0130stanbul<\/span><br \/><span style=\"color: #000000;\">En b\u00fcy\u00fck liman: Mersin Liman\u0131<\/span><br \/><span style=\"color: #000000;\">Para Birimi: T\u00fcrk Liras\u0131<\/span><br \/><span style=\"color: #000000;\">Otoyollar\u0131n uzunlu\u011fu: 3.532 km<\/span><\/p>\n<p>[\/et_pb_text][et_pb_text _builder_version=&#8221;4.14.7&#8243; _module_preset=&#8221;default&#8221; text_font_size=&#8221;11px&#8221; custom_margin=&#8221;|||116px|false|false&#8221; global_colors_info=&#8221;{}&#8221;]<\/p>\n<p class=\"font_0\"><span style=\"color: #000000;\">Kaynak: Vikipedi<\/span><\/p>\n<p>[\/et_pb_text][\/et_pb_column][\/et_pb_row][et_pb_row column_structure=&#8221;1_2,1_2&#8243; _builder_version=&#8221;4.14.7&#8243; _module_preset=&#8221;default&#8221; global_colors_info=&#8221;{}&#8221;][et_pb_column type=&#8221;1_2&#8243; _builder_version=&#8221;4.14.7&#8243; _module_preset=&#8221;default&#8221; global_colors_info=&#8221;{}&#8221;][et_pb_button button_url=&#8221;https:\/\/egl.doplus.pro\/maghreb&#8221; button_text=&#8221;\u00d6nceki&#8221; _builder_version=&#8221;4.14.7&#8243; _module_preset=&#8221;default&#8221; custom_button=&#8221;on&#8221; button_text_size=&#8221;12px&#8221; button_text_color=&#8221;#000000&#8243; button_border_width=&#8221;0px&#8221; button_border_radius=&#8221;0px&#8221; button_icon=&#8221;&#x34;||divi||400&#8243; button_icon_placement=&#8221;left&#8221; button_on_hover=&#8221;off&#8221; custom_margin=&#8221;|||80px|false|false&#8221; global_colors_info=&#8221;{}&#8221;][\/et_pb_button][\/et_pb_column][et_pb_column type=&#8221;1_2&#8243; _builder_version=&#8221;4.14.7&#8243; _module_preset=&#8221;default&#8221; global_colors_info=&#8221;{}&#8221;][et_pb_button button_url=&#8221;https:\/\/egl.doplus.pro\/tr\/yunanistan\/&#8221; button_text=&#8221;Sonraki&#8221; button_alignment=&#8221;center&#8221; _builder_version=&#8221;4.14.7&#8243; _module_preset=&#8221;default&#8221; custom_button=&#8221;on&#8221; button_text_size=&#8221;12px&#8221; button_text_color=&#8221;#000000&#8243; button_border_width=&#8221;0px&#8221; button_border_radius=&#8221;0px&#8221; button_icon=&#8221;&#x35;||divi||400&#8243; button_on_hover=&#8221;off&#8221; global_colors_info=&#8221;{}&#8221;][\/et_pb_button][\/et_pb_column][\/et_pb_row][\/et_pb_section]<\/p>\n","protected":false},"excerpt":{"rendered":"<p>T\u00fcrkiyeHaritay\u0131 g\u00f6rmek i\u00e7in buraya t\u0131klay\u0131nBa\u015fkent: AnkaraDil: T\u00fcrk\u00e7e84.34 milyon n\u00fcfus (2020)Cumhurba\u015fkan\u0131: Recep Tayyip Erdo\u011fanEn b\u00fcy\u00fck havaalan\u0131: \u0130stanbulEn b\u00fcy\u00fck liman: Mersin Liman\u0131Para Birimi: T\u00fcrk Liras\u0131Otoyollar\u0131n uzunlu\u011fu: 3.532 kmKaynak: Vikipedi<\/p>\n","protected":false},"author":1,"featured_media":0,"parent":0,"menu_order":0,"comment_status":"closed","ping_status":"closed","template":"","meta":{"_et_pb_use_builder":"on","_et_pb_old_content":"","_et_gb_content_width":"","footnotes":""},"class_list":["post-316","page","type-page","status-publish","hentry"],"_links":{"self":[{"href":"https:\/\/egl.doplus.pro\/tr\/wp-json\/wp\/v2\/pages\/316","targetHints":{"allow":["GET"]}}],"collection":[{"href":"https:\/\/egl.doplus.pro\/tr\/wp-json\/wp\/v2\/pages"}],"about":[{"href":"https:\/\/egl.doplus.pro\/tr\/wp-json\/wp\/v2\/types\/page"}],"author":[{"embeddable":true,"href":"https:\/\/egl.doplus.pro\/tr\/wp-json\/wp\/v2\/users\/1"}],"replies":[{"embeddable":true,"href":"https:\/\/egl.doplus.pro\/tr\/wp-json\/wp\/v2\/comments?post=316"}],"version-history":[{"count":4,"href":"https:\/\/egl.doplus.pro\/tr\/wp-json\/wp\/v2\/pages\/316\/revisions"}],"predecessor-version":[{"id":944,"href":"https:\/\/egl.doplus.pro\/tr\/wp-json\/wp\/v2\/pages\/316\/revisions\/944"}],"wp:attachment":[{"href":"https:\/\/egl.doplus.pro\/tr\/wp-json\/wp\/v2\/media?parent=316"}],"curies":[{"name":"wp","href":"https:\/\/api.w.org\/{rel}","templated":true}]}}