{"id":307,"date":"2022-02-21T08:27:21","date_gmt":"2022-02-21T07:27:21","guid":{"rendered":"http:\/\/egl.jules\/hakkimizda\/"},"modified":"2022-06-23T16:40:43","modified_gmt":"2022-06-23T14:40:43","slug":"hakkimizda","status":"publish","type":"page","link":"https:\/\/egl.doplus.pro\/tr\/hakkimizda\/","title":{"rendered":"Hakkimizda"},"content":{"rendered":"<p>[et_pb_section fb_built=&#8221;1&#8243; _builder_version=&#8221;4.16&#8243; _module_preset=&#8221;default&#8221; background_color=&#8221;rgba(10,10,10,0.05)&#8221; global_colors_info=&#8221;{}&#8221;][et_pb_row _builder_version=&#8221;4.16&#8243; _module_preset=&#8221;default&#8221; global_colors_info=&#8221;{}&#8221;][et_pb_column type=&#8221;4_4&#8243; _builder_version=&#8221;4.16&#8243; _module_preset=&#8221;default&#8221; global_colors_info=&#8221;{}&#8221;][et_pb_text _builder_version=&#8221;4.16&#8243; _module_preset=&#8221;default&#8221; header_font=&#8221;Montserrat||||||||&#8221; header_text_align=&#8221;center&#8221; header_text_color=&#8221;#cd0b0c&#8221; global_colors_info=&#8221;{}&#8221;]<\/p>\n<h1><strong>HAKKIMIZDA<\/strong><\/h1>\n<p>[\/et_pb_text][et_pb_text _builder_version=&#8221;4.16&#8243; _module_preset=&#8221;default&#8221; text_font=&#8221;Montserrat||||||||&#8221; text_text_color=&#8221;#181818&#8243; global_colors_info=&#8221;{}&#8221;]<\/p>\n<div id=\"comp-kwm5gg5q\" class=\"_2Hij5\" data-testid=\"richTextElement\">\n<h2 class=\"font_0\" style=\"text-align: center;\"><strong><span class=\"color_15\" style=\"color: #000000;\">Vizyonumuz<\/span><\/strong><\/h2>\n<\/div>\n<p>[\/et_pb_text][et_pb_divider color=&#8221;#cd0b0c&#8221; divider_weight=&#8221;3px&#8221; _builder_version=&#8221;4.16&#8243; _module_preset=&#8221;default&#8221; max_width=&#8221;4%&#8221; module_alignment=&#8221;center&#8221; custom_margin=&#8221;-3%||||false|false&#8221; global_colors_info=&#8221;{}&#8221;][\/et_pb_divider][et_pb_text _builder_version=&#8221;4.17.4&#8243; _module_preset=&#8221;default&#8221; text_font=&#8221;Amiri||||||||&#8221; text_text_color=&#8221;#181818&#8243; text_font_size=&#8221;22px&#8221; text_line_height=&#8221;1.72em&#8221; max_width=&#8221;91%&#8221; module_alignment=&#8221;center&#8221; hover_enabled=&#8221;0&#8243; global_colors_info=&#8221;{}&#8221; sticky_enabled=&#8221;0&#8243;]<\/p>\n<p style=\"text-align: center;\"><span style=\"color: #000000;\"><span class=\"color_15\">20 y\u0131ll\u0131k tecr\u00fcbesi ile Eurasia Global Logistic, mallar\u0131n\u0131z\u0131n T\u00fcrkiye, Yunanistan, K\u0131br\u0131s, Balkanlar, Kafkaslar, BDT \u00fclkeleri, Orta Do\u011fu ve Ma\u011frip&#8217;e nakliyesinde uzman\u0131n\u0131zd\u0131r. <\/span><span class=\"color_15\">Ta\u015f\u0131mac\u0131l\u0131\u011f\u0131n\u0131z\u0131n dinamik y\u00f6netimi ve taahh\u00fctlerimize uygun olarak, size rekabet\u00e7i fiyatland\u0131rma ko\u015fullar\u0131yla ger\u00e7ek i\u015f uzmanl\u0131\u011f\u0131 sunuyoruz.<\/span><\/span><\/p>\n<p>[\/et_pb_text][et_pb_image src=&#8221;https:\/\/static.wixstatic.com\/media\/7f7203_6672334339ce452da51d7623aa806c11~mv2.png\/v1\/fill\/w_1225,h_479,al_c,q_90,usm_0.66_1.00_0.01\/7f7203_6672334339ce452da51d7623aa806c11~mv2.webp&#8221; _builder_version=&#8221;4.16&#8243; _module_preset=&#8221;default&#8221; module_alignment=&#8221;center&#8221; global_colors_info=&#8221;{}&#8221;][\/et_pb_image][et_pb_text _builder_version=&#8221;4.17.4&#8243; _module_preset=&#8221;default&#8221; text_font=&#8221;Amiri||||||||&#8221; text_text_color=&#8221;#181818&#8243; text_font_size=&#8221;22px&#8221; text_line_height=&#8221;1.72em&#8221; max_width=&#8221;85%&#8221; module_alignment=&#8221;center&#8221; hover_enabled=&#8221;0&#8243; global_colors_info=&#8221;{}&#8221; sticky_enabled=&#8221;0&#8243;]<\/p>\n<p class=\"font_9\" style=\"text-align: center;\"><span style=\"color: #000000;\"><span class=\"color_15\">Uzun vadede, tam bir g\u00fcven i\u00e7inde ger\u00e7ek bir ortakl\u0131k geli\u015ftirmek i\u00e7in sizinle ayr\u0131cal\u0131kl\u0131 bir ili\u015fki kurmak istiyoruz.<br \/>T\u00fcm organizasyonumuz sizin memnuniyetinize odaklanm\u0131\u015ft\u0131r.<br \/>Size eksiksiz bir Nakliye ve G\u00fcmr\u00fck hizmeti vererek kaliteli bir hizmet sunuyoruz. Yenilik\u00e7i \u00e7\u00f6z\u00fcmler, g\u00f6nderilerinizin t\u00fcm a\u015famalar\u0131n\u0131n sorunsuz \u00e7al\u0131\u015fmas\u0131na olanak tan\u0131r ve herkesin \u00f6zel ihtiya\u00e7lar\u0131n\u0131 kar\u015f\u0131lar.<\/span><\/span><\/p>\n<p class=\"font_9\" style=\"text-align: center;\"><span style=\"color: #000000;\"><span class=\"color_15\">A\u011f\u0131m\u0131z ve konumumuz, Avrupa, Kafkaslar, BDT, Orta Do\u011fu ve Kuzey Afrika&#8217;da \u00fcr\u00fcnlerinizin nakliyesi i\u00e7in optimum teslim s\u00fcreleriyle faaliyet g\u00f6stermemize izin veriyor.<\/span><\/span><\/p>\n<p>[\/et_pb_text][et_pb_text _builder_version=&#8221;4.16&#8243; _module_preset=&#8221;default&#8221; text_orientation=&#8221;right&#8221; max_width=&#8221;56%&#8221; module_alignment=&#8221;center&#8221; global_colors_info=&#8221;{}&#8221;]<\/p>\n<p class=\"font_0\"><span style=\"color: #000000;\">Halit Duyar, Chief Executive Officer<\/span><\/p>\n<p>[\/et_pb_text][et_pb_text _builder_version=&#8221;4.16&#8243; _module_preset=&#8221;default&#8221; max_width=&#8221;87%&#8221; custom_margin=&#8221;||||false|false&#8221; global_colors_info=&#8221;{}&#8221;]<\/p>\n<div id=\"comp-kx0hmpaz\" class=\"_2Hij5\" data-testid=\"richTextElement\"><\/div>\n<div data-mesh-id=\"comp-kx0hkw9x-rotated-wrapper\">\n<div id=\"comp-kx0hkw9x\" class=\"XUUsC\" title=\"\">\n<div data-testid=\"linkElement\" class=\"xQ_iF\"><wix-image id=\"img_comp-kx0hkw9x\" class=\"_1-6YJ _1Fe8-\" data-image-info=\"{\"containerId\":\"comp-kx0hkw9x\",\"displayMode\":\"fill\",\"imageData\":{\"width\":596,\"height\":842,\"uri\":\"7f7203_e8132f4107d94b2998607278b3252ac9~mv2.png\",\"name\":\"Plan de travail 1.png\",\"displayMode\":\"fill\",\"crop\":{\"x\":263,\"y\":371,\"width\":268,\"height\":60,\"svgId\":\"909695c1e003409ba70b5561666c7c4d.svg\"}}}\" data-bg-effect-name=\"\" data-is-svg=\"false\" data-is-svg-mask=\"false\" data-image-zoomed=\"\" data-has-ssr-src=\"\" data-src=\"https:\/\/static.wixstatic.com\/media\/7f7203_e8132f4107d94b2998607278b3252ac9~mv2.png\/v1\/crop\/x_263,y_371,w_268,h_60\/fill\/w_298,h_66,al_c,lg_1,q_85\/Plan%20de%20travail%201.webp\"><img loading=\"lazy\" decoding=\"async\" alt=\"Plan de travail 1.png\" src=\"https:\/\/static.wixstatic.com\/media\/7f7203_e8132f4107d94b2998607278b3252ac9~mv2.png\/v1\/crop\/x_263,y_371,w_268,h_60\/fill\/w_298,h_66,al_c,lg_1,q_85\/Plan%20de%20travail%201.webp\" width=\"235\" height=\"52\" style=\"float: right;\"><\/wix-image><\/div>\n<\/div>\n<\/div>\n<p>[\/et_pb_text][\/et_pb_column][\/et_pb_row][\/et_pb_section][et_pb_section fb_built=&#8221;1&#8243; _builder_version=&#8221;4.16&#8243; _module_preset=&#8221;default&#8221; global_colors_info=&#8221;{}&#8221;][et_pb_row _builder_version=&#8221;4.16&#8243; _module_preset=&#8221;default&#8221; global_colors_info=&#8221;{}&#8221;][et_pb_column type=&#8221;4_4&#8243; _builder_version=&#8221;4.16&#8243; _module_preset=&#8221;default&#8221; global_colors_info=&#8221;{}&#8221;][et_pb_text _builder_version=&#8221;4.16&#8243; _module_preset=&#8221;default&#8221; header_font=&#8221;Montserrat||||||||&#8221; header_text_align=&#8221;center&#8221; header_text_color=&#8221;#cd0b0c&#8221; global_colors_info=&#8221;{}&#8221;]<\/p>\n<h1><strong>Bizimle olan etkile\u015fimleriniz<\/strong><\/h1>\n<p>[\/et_pb_text][et_pb_divider color=&#8221;#000000&#8243; divider_weight=&#8221;3px&#8221; _builder_version=&#8221;4.16&#8243; _module_preset=&#8221;default&#8221; max_width=&#8221;3%&#8221; module_alignment=&#8221;center&#8221; custom_margin=&#8221;-2%||||false|false&#8221; global_colors_info=&#8221;{}&#8221;][\/et_pb_divider][et_pb_image src=&#8221;http:\/\/egl.doplus.pro\/wp-content\/uploads\/2022\/06\/Organigramme-EGL-TR.png&#8221; title_text=&#8221;Organigramme EGL TR&#8221; align=&#8221;center&#8221; _builder_version=&#8221;4.17.4&#8243; _module_preset=&#8221;default&#8221; global_colors_info=&#8221;{}&#8221;][\/et_pb_image][et_pb_text _builder_version=&#8221;4.16&#8243; _module_preset=&#8221;default&#8221; text_font=&#8221;Amiri||||||||&#8221; text_font_size=&#8221;21px&#8221; max_width=&#8221;49%&#8221; module_alignment=&#8221;center&#8221; custom_margin=&#8221;5%||||false|false&#8221; global_colors_info=&#8221;{}&#8221;]<\/p>\n<p class=\"font_9\" style=\"text-align: justify;\"><span style=\"color: #000000;\">CEO&#8217;su taraf\u0131ndan denetlenen t\u00fcm EGL personeli, ger\u00e7ek bir hizmet k\u00fclt\u00fcr\u00fcne sahiptir. Arzular\u0131, mallar\u0131n\u0131z\u0131n nakliyesi i\u00e7in size ger\u00e7ek katma de\u011fer sa\u011flamakt\u0131r: tavsiyeler, y\u00f6ntemler, organizasyon ve teknik \u00e7\u00f6z\u00fcmler. <\/span><\/p>\n<p class=\"font_9\" style=\"text-align: justify;\"><span class=\"wixGuard\" style=\"color: #000000;\">\u200b<\/span><\/p>\n<p class=\"font_9\" style=\"text-align: justify;\"><span style=\"color: #000000;\">6 direk etraf\u0131nda organize edilmi\u015f, siz, m\u00fc\u015fteri, yakla\u015f\u0131m\u0131m\u0131z\u0131n merkezindesiniz ve kal\u0131c\u0131 memnuniyetiniz g\u00fcnl\u00fck felsefemizdir. <\/span><\/p>\n<p>[\/et_pb_text][\/et_pb_column][\/et_pb_row][et_pb_row column_structure=&#8221;1_4,1_4,1_4,1_4&#8243; _builder_version=&#8221;4.16&#8243; _module_preset=&#8221;default&#8221; custom_margin=&#8221;5%||||false|false&#8221; custom_padding=&#8221;0px||0px||true|false&#8221; global_colors_info=&#8221;{}&#8221;][et_pb_column type=&#8221;1_4&#8243; _builder_version=&#8221;4.16&#8243; _module_preset=&#8221;default&#8221; global_colors_info=&#8221;{}&#8221;][et_pb_testimonial quote_icon_color=&#8221;#cd0b0c&#8221; _builder_version=&#8221;4.16&#8243; _module_preset=&#8221;default&#8221; body_font=&#8221;Amiri||||||||&#8221; body_text_color=&#8221;#181818&#8243; body_font_size=&#8221;17px&#8221; height=&#8221;240px&#8221; global_colors_info=&#8221;{}&#8221;]<\/p>\n<p><span>\u00ab Ba\u015fkalar\u0131n\u0131n yapmad\u0131\u011f\u0131 \u00fclkelere hizmet ediyoruz ve bu m\u00fckemmel bir \u015fekilde yap\u0131l\u0131yor. \u00bb<\/span><\/p>\n<p>[\/et_pb_testimonial][\/et_pb_column][et_pb_column type=&#8221;1_4&#8243; _builder_version=&#8221;4.16&#8243; _module_preset=&#8221;default&#8221; global_colors_info=&#8221;{}&#8221;][et_pb_testimonial quote_icon_color=&#8221;#cd0b0c&#8221; _builder_version=&#8221;4.16&#8243; _module_preset=&#8221;default&#8221; body_font=&#8221;Amiri||||||||&#8221; body_text_color=&#8221;#181818&#8243; body_font_size=&#8221;16px&#8221; height=&#8221;240px&#8221; custom_margin=&#8221;||||false|false&#8221; global_colors_info=&#8221;{}&#8221;]<\/p>\n<p><span>\u00ab Eksiksiz ve verimli bir nakliye hizmeti, &#8220;anahtar teslimi&#8221;. \u00bb<\/span><\/p>\n<p>[\/et_pb_testimonial][\/et_pb_column][et_pb_column type=&#8221;1_4&#8243; _builder_version=&#8221;4.16&#8243; _module_preset=&#8221;default&#8221; global_colors_info=&#8221;{}&#8221;][et_pb_testimonial quote_icon_color=&#8221;#cd0b0c&#8221; _builder_version=&#8221;4.16&#8243; _module_preset=&#8221;default&#8221; body_font=&#8221;Amiri||||||||&#8221; body_text_color=&#8221;#181818&#8243; body_font_size=&#8221;16px&#8221; height=&#8221;240px&#8221; custom_padding=&#8221;||||false|false&#8221; global_colors_info=&#8221;{}&#8221;]<\/p>\n<p><span>\u00ab T\u00fcm ihtiya\u00e7lar\u0131n\u0131za ger\u00e7ek zamanl\u0131 olarak cevap verebilmek i\u00e7in \u00e7al\u0131\u015fanlar\u0131na daha yak\u0131n olmak i\u00e7in insan \u00f6l\u00e7e\u011finde bir yap\u0131. \u00bb<\/span><\/p>\n<p>[\/et_pb_testimonial][\/et_pb_column][et_pb_column type=&#8221;1_4&#8243; _builder_version=&#8221;4.16&#8243; _module_preset=&#8221;default&#8221; global_colors_info=&#8221;{}&#8221;][et_pb_testimonial quote_icon_color=&#8221;#cd0b0c&#8221; _builder_version=&#8221;4.16&#8243; _module_preset=&#8221;default&#8221; body_font=&#8221;Amiri||||||||&#8221; body_text_color=&#8221;#181818&#8243; body_font_size=&#8221;16px&#8221; height=&#8221;240px&#8221; global_colors_info=&#8221;{}&#8221;]<\/p>\n<p><span>\u00ab Y\u00f6netim, takip ve ki\u015fiselle\u015ftirilmi\u015f \u00e7\u00f6z\u00fcm ile tek bir temas noktas\u0131. \u00bb<\/span><\/p>\n<p>[\/et_pb_testimonial][\/et_pb_column][\/et_pb_row][\/et_pb_section]<\/p>\n","protected":false},"excerpt":{"rendered":"<p>HAKKIMIZDA Vizyonumuz 20 y\u0131ll\u0131k tecr\u00fcbesi ile Eurasia Global Logistic, mallar\u0131n\u0131z\u0131n T\u00fcrkiye, Yunanistan, K\u0131br\u0131s, Balkanlar, Kafkaslar, BDT \u00fclkeleri, Orta Do\u011fu ve Ma\u011frip&#8217;e nakliyesinde uzman\u0131n\u0131zd\u0131r. Ta\u015f\u0131mac\u0131l\u0131\u011f\u0131n\u0131z\u0131n dinamik y\u00f6netimi ve taahh\u00fctlerimize uygun olarak, size rekabet\u00e7i fiyatland\u0131rma ko\u015fullar\u0131yla ger\u00e7ek i\u015f uzmanl\u0131\u011f\u0131 sunuyoruz.Uzun vadede, tam bir g\u00fcven i\u00e7inde ger\u00e7ek bir ortakl\u0131k geli\u015ftirmek i\u00e7in sizinle ayr\u0131cal\u0131kl\u0131 bir ili\u015fki kurmak istiyoruz.T\u00fcm organizasyonumuz [&hellip;]<\/p>\n","protected":false},"author":1,"featured_media":0,"parent":0,"menu_order":0,"comment_status":"closed","ping_status":"closed","template":"","meta":{"_et_pb_use_builder":"on","_et_pb_old_content":"","_et_gb_content_width":"","footnotes":""},"class_list":["post-307","page","type-page","status-publish","hentry"],"_links":{"self":[{"href":"https:\/\/egl.doplus.pro\/tr\/wp-json\/wp\/v2\/pages\/307","targetHints":{"allow":["GET"]}}],"collection":[{"href":"https:\/\/egl.doplus.pro\/tr\/wp-json\/wp\/v2\/pages"}],"about":[{"href":"https:\/\/egl.doplus.pro\/tr\/wp-json\/wp\/v2\/types\/page"}],"author":[{"embeddable":true,"href":"https:\/\/egl.doplus.pro\/tr\/wp-json\/wp\/v2\/users\/1"}],"replies":[{"embeddable":true,"href":"https:\/\/egl.doplus.pro\/tr\/wp-json\/wp\/v2\/comments?post=307"}],"version-history":[{"count":18,"href":"https:\/\/egl.doplus.pro\/tr\/wp-json\/wp\/v2\/pages\/307\/revisions"}],"predecessor-version":[{"id":1546,"href":"https:\/\/egl.doplus.pro\/tr\/wp-json\/wp\/v2\/pages\/307\/revisions\/1546"}],"wp:attachment":[{"href":"https:\/\/egl.doplus.pro\/tr\/wp-json\/wp\/v2\/media?parent=307"}],"curies":[{"name":"wp","href":"https:\/\/api.w.org\/{rel}","templated":true}]}}