{"id":304,"date":"2022-02-20T18:56:53","date_gmt":"2022-02-20T17:56:53","guid":{"rendered":"http:\/\/egl.jules\/gizlilik-politikasi\/"},"modified":"2022-06-23T17:03:32","modified_gmt":"2022-06-23T15:03:32","slug":"gizlilik-politikasi","status":"publish","type":"page","link":"https:\/\/egl.doplus.pro\/tr\/gizlilik-politikasi\/","title":{"rendered":"Gizlilik Politikas\u0131"},"content":{"rendered":"<p>[et_pb_section fb_built=&#8221;1&#8243; _builder_version=&#8221;4.16&#8243; _module_preset=&#8221;default&#8221; background_color=&#8221;rgba(10,10,10,0.12)&#8221; global_colors_info=&#8221;{}&#8221;][et_pb_row _builder_version=&#8221;4.16&#8243; _module_preset=&#8221;default&#8221; width=&#8221;54%&#8221; global_colors_info=&#8221;{}&#8221;][et_pb_column type=&#8221;4_4&#8243; _builder_version=&#8221;4.16&#8243; _module_preset=&#8221;default&#8221; global_colors_info=&#8221;{}&#8221;][et_pb_icon font_icon=&#8221;&#xe0f6;||divi||400&#8243; icon_color=&#8221;#cd0b0c&#8221; _builder_version=&#8221;4.16&#8243; _module_preset=&#8221;default&#8221; global_colors_info=&#8221;{}&#8221;][\/et_pb_icon][et_pb_text _builder_version=&#8221;4.16&#8243; _module_preset=&#8221;default&#8221; header_text_color=&#8221;#cd0b0c&#8221; global_colors_info=&#8221;{}&#8221;]<\/p>\n<h1 class=\"font_6\" style=\"text-align: center;\"><span><strong><span class=\"color_18\">G\u0130ZL\u0130L\u0130K POL\u0130T\u0130KASI<\/span><\/strong><\/span><\/h1>\n<p>[\/et_pb_text][et_pb_text _builder_version=&#8221;4.17.4&#8243; _module_preset=&#8221;default&#8221; text_font=&#8221;Adamina||||||||&#8221; header_font=&#8221;Adamina||||||||&#8221; hover_enabled=&#8221;0&#8243; global_colors_info=&#8221;{}&#8221; sticky_enabled=&#8221;0&#8243;]<\/p>\n<h3 class=\"font_9\" style=\"text-align: justify;\"><span style=\"text-decoration: underline; color: #000000;\"><strong><span class=\"color_15\">Toplanan ki\u015fisel veri t\u00fcrleri<\/span><\/strong><\/span><\/h3>\n<p class=\"font_9\" style=\"text-align: justify;\"><span style=\"color: #000000;\"><span class=\"color_15\">Sitede toplanabilecek ki\u015fisel veriler a\u015fa\u011f\u0131daki gibidir:<\/span><\/span><\/p>\n<h5 class=\"font_9\" style=\"text-align: justify;\"><span style=\"color: #000000;\"><span class=\"color_15\"><strong>\u0130leti\u015fim Formu :<\/strong> <\/span><\/span><\/h5>\n<p class=\"font_9\" style=\"text-align: justify;\"><span style=\"color: #000000;\"><span class=\"color_15\">\u0130leti\u015fim formunu doldururken ad\u0131n\u0131z, e-posta adresiniz ve mesaj\u0131n\u0131z toplan\u0131r.<\/span><\/span><\/p>\n<h5 class=\"font_9\" style=\"text-align: justify;\"><span style=\"color: #000000;\"><span class=\"color_15\"><strong>Memnuniyet formu:<\/strong><\/span><\/span><\/h5>\n<p class=\"font_9\" style=\"text-align: justify;\"><span style=\"color: #000000;\"><span class=\"color_15\">Memnuniyet formu doldurulurken ki\u015fisel olmayan bilgiler ve e-posta adresiniz sadece dilerseniz toplan\u0131r.<\/span><\/span><\/p>\n<h5 class=\"font_9\" style=\"text-align: justify;\"><span style=\"color: #000000;\"><span class=\"color_15\"><strong>Kurabiye :<\/strong><\/span><\/span><\/h5>\n<p class=\"font_9\" style=\"text-align: justify;\"><span style=\"color: #000000;\"><span class=\"color_15\">\u00c7erezler, Sitenin kullan\u0131m\u0131n\u0131n bir par\u00e7as\u0131 olarak, belirli bilgileri (\u00f6zellikle IP adresiniz, gezinmek i\u00e7in kullan\u0131lan bilgisayarla ilgili bilgiler, ba\u011flant\u0131 modu, t\u00fcr\u00fc ve s\u00fcr\u00fcm\u00fc, internet taray\u0131c\u0131s\u0131, i\u015fletim sistemiyle ilgili bilgiler) toplamak i\u00e7in kullan\u0131l\u0131r. sistem ve di\u011fer teknik tan\u0131mlay\u0131c\u0131lar veya tarih ve saat ile eri\u015filen i\u00e7erik dahil olmak \u00fczere ba\u011flant\u0131lar\u0131n URL&#8217;si). Taray\u0131c\u0131 ayarlar\u0131n\u0131zdan \u00c7erezleri devre d\u0131\u015f\u0131 b\u0131rakma se\u00e7ene\u011fine sahipsiniz.<\/span><\/span><\/p>\n<p>[\/et_pb_text][et_pb_text _builder_version=&#8221;4.17.4&#8243; _module_preset=&#8221;default&#8221; text_font=&#8221;Amiri||||||||&#8221; text_font_size=&#8221;17px&#8221; hover_enabled=&#8221;0&#8243; global_colors_info=&#8221;{}&#8221; sticky_enabled=&#8221;0&#8243;]<\/p>\n<h3 class=\"font_9\" style=\"text-align: justify;\"><span style=\"color: #000000;\"><strong><span class=\"color_15\">Toplanan ki\u015fisel verilerin kullan\u0131m\u0131<\/span><\/strong><\/span><\/h3>\n<h5 class=\"font_9\" style=\"text-align: justify;\"><span style=\"text-decoration: underline; color: #000000;\"><strong><span class=\"color_15\">Ki\u015fisel verilerinizin kullan\u0131mlar\u0131 temel olarak a\u015fa\u011f\u0131daki gibidir:<\/span><\/strong><\/span><\/h5>\n<ul class=\"font_9 color_15\" style=\"text-align: justify;\">\n<li>\n<p class=\"font_9\"><span style=\"color: #000000;\"><span class=\"color_15\">siteye eri\u015fim ve sitenin kullan\u0131m\u0131;<\/span><\/span><\/p>\n<\/li>\n<li>\n<p class=\"font_9\"><span style=\"color: #000000;\"><span class=\"color_15\">verilerinizin do\u011frulanmas\u0131 ve do\u011frulanmas\u0131;<\/span><\/span><\/p>\n<\/li>\n<li>\n<p class=\"font_9\"><span style=\"color: #000000;\"><span class=\"color_15\">sitenin d\u00fczeninin ve i\u015fleyi\u015finin optimizasyonu;<\/span><\/span><\/p>\n<\/li>\n<li>\n<p class=\"font_9\"><span style=\"color: #000000;\"><span class=\"color_15\">sizinle olan ili\u015fkinin y\u00f6netimi;<\/span><\/span><\/p>\n<\/li>\n<li>\n<p class=\"font_9\"><span style=\"color: #000000;\"><span class=\"color_15\">tarama ge\u00e7mi\u015finize, tercihlerinize ve ilgi alanlar\u0131n\u0131za dayal\u0131 olarak ticari bilgiler ve reklam mesajlar\u0131 g\u00f6ndermek.<\/span><\/span><\/p>\n<\/li>\n<\/ul>\n<p class=\"font_9\" style=\"text-align: justify;\"><span style=\"color: #000000;\"><span class=\"wixGuard\">\u200b<\/span><\/span><\/p>\n<h5 class=\"font_9\" style=\"text-align: justify;\"><span style=\"text-decoration: underline;\"><span style=\"color: #000000;\"><strong><span class=\"color_15\">Verilerinizin saklama s\u00fcresi<\/span><\/strong><\/span><\/span><\/h5>\n<p class=\"font_9\" style=\"text-align: justify;\"><span style=\"color: #000000;\"><span class=\"color_15\">Ki\u015fisel bilgileriniz, a\u015fa\u011f\u0131daki durumlar d\u0131\u015f\u0131nda 3 y\u0131l\u0131 ge\u00e7meyecek bir s\u00fcre boyunca saklanmaktad\u0131r:<\/span><\/span><\/p>\n<ul class=\"font_9 color_15\" style=\"text-align: justify;\">\n<li>\n<p class=\"font_9\"><span style=\"color: #000000;\"><span class=\"color_15\">A\u015fa\u011f\u0131da belirtilen ko\u015fullarda yasalar\u0131n size tan\u0131d\u0131\u011f\u0131 haklardan birini kullan\u0131rs\u0131n\u0131z;<\/span><\/span><\/p>\n<\/li>\n<li>\n<p class=\"font_9\"><span style=\"color: #000000;\"><span class=\"color_15\">Yasal veya d\u00fczenleyici bir h\u00fck\u00fcm nedeniyle daha uzun bir saklama s\u00fcresine izin verilir veya uygulan\u0131r.<\/span><\/span><\/p>\n<\/li>\n<\/ul>\n<h5 class=\"font_9\" style=\"text-align: justify;\"><span style=\"text-decoration: underline;\"><strong><span style=\"color: #000000;\"><span class=\"color_15\">Verilerinizin korunmas\u0131<\/span><\/span><\/strong><\/span><\/h5>\n<p class=\"font_9\" style=\"text-align: justify;\"><span style=\"color: #000000;\"><span class=\"color_15\">Ki\u015fisel verilerinize eri\u015fim, Eurasia Global Logistic&#8217;in g\u00f6revleri nedeniyle yetkilendirilmi\u015f ve bir gizlilik y\u00fck\u00fcml\u00fcl\u00fc\u011f\u00fc ile ba\u011fl\u0131 \u00e7al\u0131\u015fanlar\u0131 ve acenteleri ile s\u0131n\u0131rl\u0131d\u0131r. Bununla birlikte, toplanan veriler, Sitenin ve hizmetlerinin d\u00fczg\u00fcn \u00e7al\u0131\u015fmas\u0131 i\u00e7in gerekli g\u00f6revlerin yerine getirilmesinin yan\u0131 s\u0131ra sizinle olan ili\u015fkinin d\u00fczg\u00fcn bir \u015fekilde y\u00f6netilmesi i\u00e7in s\u00f6zle\u015fmeye ba\u011fl\u0131 olarak sorumlu olan ta\u015feronlara, sizin izninizi vermeniz gerekmeden iletilebilir. Alt y\u00fcklenicilerin, hizmetlerinin ifas\u0131 kapsam\u0131nda verilerinize yaln\u0131zca s\u0131n\u0131rl\u0131 eri\u015fiminin oldu\u011fu ve bunlar\u0131 ilgili mevzuat h\u00fck\u00fcmlerine uygun olarak kullanmak \u00fczere s\u00f6zle\u015fmeden do\u011fan bir y\u00fck\u00fcml\u00fcl\u00fc\u011f\u00fcn\u00fcn bulundu\u011fu belirtilmektedir. Eurasia Global Logistic, yukar\u0131da belirtilen durumlar d\u0131\u015f\u0131nda, me\u015fru bir neden (yasal zorunluluk, doland\u0131r\u0131c\u0131l\u0131k ile m\u00fccadele) zorunlu olmad\u0131k\u00e7a, \u00f6nceden izniniz olmadan verilerinizi satmamay\u0131, kiralamamay\u0131, aktarmamay\u0131 veya \u00fc\u00e7\u00fcnc\u00fc ki\u015filere eri\u015fim sa\u011flamamay\u0131 taahh\u00fct eder. veya k\u00f6t\u00fcye kullanma, savunma haklar\u0131n\u0131n kullan\u0131lmas\u0131 vb.).<\/span><\/span><\/p>\n<h5 class=\"font_9\" style=\"text-align: justify;\"><span style=\"color: #000000;\"><strong><span style=\"text-decoration: underline;\"><span class=\"color_15\">Verileriniz \u00fczerindeki haklar\u0131n\u0131z<\/span><\/span><\/strong><\/span><\/h5>\n<p class=\"font_9\" style=\"text-align: justify;\"><span style=\"color: #000000;\"><span class=\"color_15\">Y\u00fcr\u00fcrl\u00fckteki yasal ve d\u00fczenleyici h\u00fck\u00fcmlere uygun olarak, \u00f6zellikle veri i\u015fleme, dosya ve \u00f6zg\u00fcrl\u00fcklere ili\u015fkin 6 Ocak 1978 tarihli ve 78-17 say\u0131l\u0131 de\u011fi\u015fiklik kanunu ve 27 Nisan 2016 tarihli 2016\/679 \/ AB say\u0131l\u0131 Avrupa y\u00f6netmeli\u011fi (ge\u00e7erli 25 May\u0131s 2018 tarihinden itibaren), a\u015fa\u011f\u0131daki haklara sahipsiniz:<\/span><\/span><\/p>\n<ul class=\"font_9 color_15\" style=\"text-align: justify;\">\n<li>\n<p class=\"font_9\"><span style=\"color: #000000;\"><span class=\"color_15\">Sizi ilgilendiren ki\u015fisel verileri \u00f6\u011frenmek i\u00e7in eri\u015fim hakk\u0131n\u0131z\u0131 kullan\u0131n;<\/span><\/span><\/p>\n<\/li>\n<li>\n<p class=\"font_9\"><span style=\"color: #000000;\"><span class=\"color_15\">Verileriniz hatal\u0131ysa g\u00fcncellenmesini talep edin;<\/span><\/span><\/p>\n<\/li>\n<li>\n<p class=\"font_9\"><span style=\"color: #000000;\"><span class=\"color_15\">Verilerinizin ta\u015f\u0131nabilirli\u011fini veya silinmesini talep edin;<\/span><\/span><\/p>\n<\/li>\n<li>\n<p class=\"font_9\"><span style=\"color: #000000;\"><span class=\"color_15\">Verilerinizin i\u015flenmesinin s\u0131n\u0131rland\u0131r\u0131lmas\u0131n\u0131 talep etmek;<\/span><\/span><\/p>\n<\/li>\n<li>\n<p class=\"font_9\"><span style=\"color: #000000;\"><span class=\"color_15\">Me\u015fru sebeplerle verilerinizin i\u015flenmesine kar\u015f\u0131 \u00e7\u0131kmak;<\/span><\/span><\/p>\n<\/li>\n<li>\n<p class=\"font_9\"><span style=\"color: #000000;\"><span class=\"color_15\">Promosyonlar\u0131m\u0131z\u0131 ve taleplerimizi e-posta, SMS mesajlar\u0131, telefon g\u00f6r\u00fc\u015fmeleri ve posta yoluyla g\u00f6ndermek i\u00e7in ileti\u015fim bilgilerinizin hizmetlerimiz taraf\u0131ndan kullan\u0131lmas\u0131na kar\u015f\u0131 \u00e7\u0131kmak veya onay\u0131n\u0131z\u0131 geri \u00e7ekmek.<\/span><\/span><\/p>\n<\/li>\n<\/ul>\n<p class=\"font_9\" style=\"text-align: justify;\"><span style=\"color: #000000;\"><span class=\"color_15\">Bu hak, sizinle ilgili bilgilerin bize do\u011frudan sizin taraf\u0131n\u0131zdan veya iletti\u011finiz \u00fc\u00e7\u00fcnc\u00fc taraf ortaklar taraf\u0131ndan iletilmesine bak\u0131lmaks\u0131z\u0131n ge\u00e7erlidir (bu durumda, SMS veya e-postalar\u0131m\u0131zda sa\u011flanan abonelikten \u00e7\u0131kma ba\u011flant\u0131lar\u0131na t\u0131klaman\u0131z gerekir veya a\u015fa\u011f\u0131daki ko\u015fullarda bizimle ileti\u015fime ge\u00e7in).<\/span><\/span><\/p>\n<p class=\"font_9\" style=\"text-align: justify;\"><span style=\"color: #000000;\"><span class=\"color_15\">Bu \u00e7e\u015fitli haklar, do\u011frudan a\u015fa\u011f\u0131daki adrese e-posta ile kullan\u0131lacakt\u0131r:<br \/>info@eurasiagloballogistic.com<br \/>G\u00fcvenlik nedenleriyle ve herhangi bir doland\u0131r\u0131c\u0131l\u0131k talebini \u00f6nlemek i\u00e7in bu talebe kimlik belgesi e\u015flik etmelidir. Destekleyici belge, talep i\u015fleme koyulduktan sonra imha edilecektir.<\/span><\/span><\/p>\n<h5 class=\"font_9\" style=\"text-align: justify;\"><span style=\"color: #000000;\"><strong><span style=\"text-decoration: underline;\"><span class=\"color_15\">Kurabiye<\/span><\/span><\/strong><\/span><\/h5>\n<p class=\"font_9\" style=\"text-align: justify;\"><span style=\"color: #000000;\"><span class=\"color_15\">Siteyi g\u00f6r\u00fcnt\u00fclerken, bilgisayar\u0131n\u0131za, cep telefonunuza veya tabletinize \u00c7erezler yerle\u015ftirilir.<\/span><\/span><\/p>\n<p class=\"font_9\" style=\"text-align: justify;\"><span style=\"color: #000000;\"><span class=\"color_15\">\u00c7erez, ziyaret edilen Sitenin sunucusu taraf\u0131ndan navigasyon cihaz\u0131n\u0131za yerle\u015ftirilen bilgilerdir. Bu nedenle Sitenin belirli b\u00f6l\u00fcmleri, kullan\u0131c\u0131 taraf\u0131ndan \u00e7erezlerin kabul\u00fc olmadan i\u015flevsel olmayabilir.<\/span><\/span><\/p>\n<p class=\"font_9\" style=\"text-align: justify;\"><span style=\"color: #000000;\"><span class=\"color_15\">Bu \u015fekilde toplanan bilgiler yaln\u0131zca bu siteyi kullanan trafi\u011fin hacmini, t\u00fcr\u00fcn\u00fc ve konfig\u00fcrasyonunu izlemek, tasar\u0131m\u0131n\u0131 ve d\u00fczenini geli\u015ftirmek ve di\u011fer idari ve planlama ama\u00e7lar\u0131 i\u00e7in ve daha genel olarak size sundu\u011fumuz hizmeti iyile\u015ftirmek i\u00e7in kullan\u0131lacakt\u0131r.<\/span><\/span><\/p>\n<p class=\"font_9\" style=\"text-align: justify;\"><span style=\"color: #000000;\"><span class=\"color_15\">Bu bilgiler, siz kabul etmedi\u011finiz s\u00fcrece 13 aydan fazla saklanmayacakt\u0131r.<\/span><\/span><\/p>\n<p class=\"font_9\" style=\"text-align: justify;\"><span style=\"color: #000000;\"><span class=\"color_15\">Taray\u0131c\u0131 ayarlar\u0131n\u0131zdan \u00c7erezleri devre d\u0131\u015f\u0131 b\u0131rakma se\u00e7ene\u011fine sahipsiniz.<\/span><\/span><\/p>\n<p>[\/et_pb_text][\/et_pb_column][\/et_pb_row][\/et_pb_section]<\/p>\n","protected":false},"excerpt":{"rendered":"<p>G\u0130ZL\u0130L\u0130K POL\u0130T\u0130KASIToplanan ki\u015fisel veri t\u00fcrleri Sitede toplanabilecek ki\u015fisel veriler a\u015fa\u011f\u0131daki gibidir: \u0130leti\u015fim Formu : \u0130leti\u015fim formunu doldururken ad\u0131n\u0131z, e-posta adresiniz ve mesaj\u0131n\u0131z toplan\u0131r. Memnuniyet formu: Memnuniyet formu doldurulurken ki\u015fisel olmayan bilgiler ve e-posta adresiniz sadece dilerseniz toplan\u0131r. Kurabiye : \u00c7erezler, Sitenin kullan\u0131m\u0131n\u0131n bir par\u00e7as\u0131 olarak, belirli bilgileri (\u00f6zellikle IP adresiniz, gezinmek i\u00e7in kullan\u0131lan bilgisayarla ilgili [&hellip;]<\/p>\n","protected":false},"author":1,"featured_media":0,"parent":0,"menu_order":0,"comment_status":"closed","ping_status":"closed","template":"","meta":{"_et_pb_use_builder":"on","_et_pb_old_content":"","_et_gb_content_width":"","footnotes":""},"class_list":["post-304","page","type-page","status-publish","hentry"],"_links":{"self":[{"href":"https:\/\/egl.doplus.pro\/tr\/wp-json\/wp\/v2\/pages\/304","targetHints":{"allow":["GET"]}}],"collection":[{"href":"https:\/\/egl.doplus.pro\/tr\/wp-json\/wp\/v2\/pages"}],"about":[{"href":"https:\/\/egl.doplus.pro\/tr\/wp-json\/wp\/v2\/types\/page"}],"author":[{"embeddable":true,"href":"https:\/\/egl.doplus.pro\/tr\/wp-json\/wp\/v2\/users\/1"}],"replies":[{"embeddable":true,"href":"https:\/\/egl.doplus.pro\/tr\/wp-json\/wp\/v2\/comments?post=304"}],"version-history":[{"count":6,"href":"https:\/\/egl.doplus.pro\/tr\/wp-json\/wp\/v2\/pages\/304\/revisions"}],"predecessor-version":[{"id":1549,"href":"https:\/\/egl.doplus.pro\/tr\/wp-json\/wp\/v2\/pages\/304\/revisions\/1549"}],"wp:attachment":[{"href":"https:\/\/egl.doplus.pro\/tr\/wp-json\/wp\/v2\/media?parent=304"}],"curies":[{"name":"wp","href":"https:\/\/api.w.org\/{rel}","templated":true}]}}