{"id":301,"date":"2022-02-20T18:29:17","date_gmt":"2022-02-20T17:29:17","guid":{"rendered":"http:\/\/egl.jules\/faydalar\/"},"modified":"2022-06-24T09:40:33","modified_gmt":"2022-06-24T07:40:33","slug":"faydalar","status":"publish","type":"page","link":"https:\/\/egl.doplus.pro\/tr\/faydalar\/","title":{"rendered":"Faydalar"},"content":{"rendered":"<p>[et_pb_section fb_built=&#8221;1&#8243; _builder_version=&#8221;4.16&#8243; _module_preset=&#8221;default&#8221; background_color=&#8221;rgba(0,0,0,0.06)&#8221; custom_padding=&#8221;0px||60px||false|false&#8221; global_colors_info=&#8221;{}&#8221;][et_pb_row _builder_version=&#8221;4.16&#8243; _module_preset=&#8221;default&#8221; width=&#8221;100%&#8221; max_width=&#8221;2560px&#8221; custom_padding=&#8221;||10px||false|false&#8221; global_colors_info=&#8221;{}&#8221;][et_pb_column type=&#8221;4_4&#8243; _builder_version=&#8221;4.16&#8243; _module_preset=&#8221;default&#8221; global_colors_info=&#8221;{}&#8221;][et_pb_text _builder_version=&#8221;4.16&#8243; _module_preset=&#8221;default&#8221; text_font=&#8221;Montserrat|600|||||||&#8221; text_text_color=&#8221;#cd0b0c&#8221; text_font_size=&#8221;31px&#8221; header_font=&#8221;Montserrat||||||||&#8221; custom_margin=&#8221;2%||||false|false&#8221; global_colors_info=&#8221;{}&#8221;]<\/p>\n<div id=\"comp-kxip91vk2\" class=\"_2KixH\">\n<div id=\"text-content-comp-kxip91vk2\" class=\"_2Hij5\" data-testid=\"richTextElement\" style=\"text-align: center;\"><span><span class=\"color_18\">FAYDALAR<\/span><\/span><span class=\"color_15\"><span><\/span><\/span><\/div>\n<\/div>\n<p>[\/et_pb_text][et_pb_text _builder_version=&#8221;4.16&#8243; _module_preset=&#8221;default&#8221; text_font=&#8221;Amiri|700|||||||&#8221; text_text_color=&#8221;#181818&#8243; text_font_size=&#8221;19px&#8221; custom_margin=&#8221;-30px||19px||false|false&#8221; global_colors_info=&#8221;{}&#8221;]<\/p>\n<div id=\"comp-kxip91vk2\" class=\"_2KixH\">\n<div id=\"text-content-comp-kxip91vk2\" class=\"_2Hij5\" data-testid=\"richTextElement\" style=\"text-align: center;\"><span><span class=\"color_18\"><\/span><\/span><\/div>\n<\/div>\n<div id=\"comp-kvkrsipb\" class=\"_2KixH\">\n<div id=\"text-content-comp-kvkrsipb\" class=\"_1Q9if\" data-testid=\"richTextElement\">\n<p class=\"font_8\" style=\"text-align: center;\"><span class=\"color_15\"><span>Ki\u015fiye \u00f6zel hizmet<\/span><\/span><\/p>\n<\/div>\n<\/div>\n<p>[\/et_pb_text][\/et_pb_column][\/et_pb_row][et_pb_row _builder_version=&#8221;4.16&#8243; _module_preset=&#8221;default&#8221; background_color=&#8221;rgba(0,0,0,0.73)&#8221; custom_margin=&#8221;||||false|false&#8221; custom_padding=&#8221;1%||1%||true|false&#8221; global_colors_info=&#8221;{}&#8221;][et_pb_column type=&#8221;4_4&#8243; _builder_version=&#8221;4.16&#8243; _module_preset=&#8221;default&#8221; global_colors_info=&#8221;{}&#8221;][et_pb_text _builder_version=&#8221;4.16&#8243; _module_preset=&#8221;default&#8221; header_3_text_align=&#8221;center&#8221; global_colors_info=&#8221;{}&#8221;]<\/p>\n<div id=\"comp-kxj7ewrr\" class=\"_2Hij5\" data-testid=\"richTextElement\">\n<h5 class=\"font_0\" style=\"text-align: center;\"><span style=\"color: #ffffff;\"><strong>KARAYOLU\u00a0 DEN\u0130Z\u00a0 \u00a0HAVA\u00a0 \u00a0G\u00dcMR\u00dcK\u00a0 \u00a0 \u00a0 \u00a0 \u0130ST\u0130SNA\u0130\u00a0 NAKL\u0130YE &amp; PROJE\u00a0 \u00a0 \u00a0 \u00a0 \u00a0DEM\u0130RYOLU &amp; MULT\u0130MODAL\u00a0 \u00a0 \u00a0 \u00a0 \u00a0K\u0130RALAMA<\/strong><\/span><\/h5>\n<\/div>\n<p>[\/et_pb_text][\/et_pb_column][\/et_pb_row][\/et_pb_section][et_pb_section fb_built=&#8221;1&#8243; _builder_version=&#8221;4.16&#8243; _module_preset=&#8221;default&#8221; custom_margin=&#8221;3%||||false|false&#8221; custom_padding=&#8221;0px||0px||true|false&#8221; global_colors_info=&#8221;{}&#8221;][et_pb_row _builder_version=&#8221;4.16&#8243; _module_preset=&#8221;default&#8221; global_colors_info=&#8221;{}&#8221;][et_pb_column type=&#8221;4_4&#8243; _builder_version=&#8221;4.16&#8243; _module_preset=&#8221;default&#8221; global_colors_info=&#8221;{}&#8221;][et_pb_nextend_smart_slider_3 _builder_version=&#8221;4.17.4&#8243; _module_preset=&#8221;default&#8221; global_colors_info=&#8221;{}&#8221; slider=&#8221;4&#8243; hover_enabled=&#8221;0&#8243; sticky_enabled=&#8221;0&#8243;][\/et_pb_nextend_smart_slider_3][\/et_pb_column][\/et_pb_row][et_pb_row column_structure=&#8221;1_4,1_4,1_4,1_4&#8243; use_custom_gutter=&#8221;on&#8221; gutter_width=&#8221;2&#8243; _builder_version=&#8221;4.16&#8243; _module_preset=&#8221;default&#8221; custom_margin=&#8221;4%||||false|false&#8221; global_colors_info=&#8221;{}&#8221;][et_pb_column type=&#8221;1_4&#8243; _builder_version=&#8221;4.16&#8243; _module_preset=&#8221;default&#8221; global_colors_info=&#8221;{}&#8221;][et_pb_testimonial quote_icon_color=&#8221;#E02B20&#8243; _builder_version=&#8221;4.16&#8243; _module_preset=&#8221;default&#8221; body_font=&#8221;Alegreya||||||||&#8221; body_font_size=&#8221;19px&#8221; height=&#8221;300px&#8221; global_colors_info=&#8221;{}&#8221;]<\/p>\n<div id=\"bgLayers_comp-kwbwphdt__item1\" data-hook=\"bgLayers\" class=\"_3wnIc\">\n<div id=\"bgMedia_comp-kwbwphdt__item1\" class=\"_2GUhU\">\u00ab T\u00fcm \u00fclkelere hizmet veriyoruz ve bu m\u00fckemmel bir \u015fekilde yap\u0131l\u0131yor. \u00bb<\/div>\n<\/div>\n<p>[\/et_pb_testimonial][\/et_pb_column][et_pb_column type=&#8221;1_4&#8243; _builder_version=&#8221;4.16&#8243; _module_preset=&#8221;default&#8221; global_colors_info=&#8221;{}&#8221;][et_pb_testimonial quote_icon_color=&#8221;#E02B20&#8243; _builder_version=&#8221;4.16&#8243; _module_preset=&#8221;default&#8221; body_font=&#8221;Alegreya||||||||&#8221; body_font_size=&#8221;19px&#8221; height=&#8221;300px&#8221; global_colors_info=&#8221;{}&#8221;]<\/p>\n<div id=\"bgLayers_comp-kwbwphdt__item1\" data-hook=\"bgLayers\" class=\"_3wnIc\">\n<div id=\"bgMedia_comp-kwbwphdt__item1\" class=\"_2GUhU\">\n<div id=\"bgLayers_comp-kwbwphdt__item2\" data-hook=\"bgLayers\" class=\"_3wnIc\">\n<div id=\"bgMedia_comp-kwbwphdt__item2\" class=\"_2GUhU\">\u00ab Size eksiksiz, verimli ve &#8220;anahtar teslimi&#8221; bir nakliye hizmeti sunuyoruz. \u00bb<\/div>\n<\/div>\n<\/div>\n<\/div>\n<p>[\/et_pb_testimonial][\/et_pb_column][et_pb_column type=&#8221;1_4&#8243; _builder_version=&#8221;4.16&#8243; _module_preset=&#8221;default&#8221; global_colors_info=&#8221;{}&#8221;][et_pb_testimonial quote_icon_color=&#8221;#E02B20&#8243; _builder_version=&#8221;4.16&#8243; _module_preset=&#8221;default&#8221; body_font=&#8221;Alegreya||||||||&#8221; body_font_size=&#8221;19px&#8221; height=&#8221;300px&#8221; hover_transition_duration=&#8221;0ms&#8221; global_colors_info=&#8221;{}&#8221;]<\/p>\n<div id=\"bgLayers_comp-kwbwphdt__item3\" data-hook=\"bgLayers\" class=\"_3wnIc\">\n<div id=\"bgMedia_comp-kwbwphdt__item3\" class=\"_2GUhU\">\u00ab T\u00fcm isteklerinize ger\u00e7ek zamanl\u0131 olarak cevap verebilmek i\u00e7in insan \u00f6l\u00e7e\u011finde bir yap\u0131. \u00bb<\/div>\n<\/div>\n<p>[\/et_pb_testimonial][\/et_pb_column][et_pb_column type=&#8221;1_4&#8243; _builder_version=&#8221;4.16&#8243; _module_preset=&#8221;default&#8221; global_colors_info=&#8221;{}&#8221;][et_pb_testimonial quote_icon_color=&#8221;#E02B20&#8243; _builder_version=&#8221;4.16&#8243; _module_preset=&#8221;default&#8221; body_font=&#8221;Alegreya||||||||&#8221; body_font_size=&#8221;19px&#8221; height=&#8221;300px&#8221; global_colors_info=&#8221;{}&#8221;]<\/p>\n<div id=\"bgLayers_comp-kwbwphdt__item1\" data-hook=\"bgLayers\" class=\"_3wnIc\">\n<div id=\"bgMedia_comp-kwbwphdt__item1\" class=\"_2GUhU\"><span>\u00ab Y\u00f6netim, takip ve ki\u015fiselle\u015ftirilmi\u015f \u00e7\u00f6z\u00fcm i\u00e7in \u00f6zel bir muhatap. \u00bb<\/span><\/div>\n<\/div>\n<p>[\/et_pb_testimonial][\/et_pb_column][\/et_pb_row][\/et_pb_section]<\/p>\n","protected":false},"excerpt":{"rendered":"<p>FAYDALAR Ki\u015fiye \u00f6zel hizmet KARAYOLU\u00a0 DEN\u0130Z\u00a0 \u00a0HAVA\u00a0 \u00a0G\u00dcMR\u00dcK\u00a0 \u00a0 \u00a0 \u00a0 \u0130ST\u0130SNA\u0130\u00a0 NAKL\u0130YE &amp; PROJE\u00a0 \u00a0 \u00a0 \u00a0 \u00a0DEM\u0130RYOLU &amp; MULT\u0130MODAL\u00a0 \u00a0 \u00a0 \u00a0 \u00a0K\u0130RALAMA \u00ab T\u00fcm \u00fclkelere hizmet veriyoruz ve bu m\u00fckemmel bir \u015fekilde yap\u0131l\u0131yor. \u00bb \u00ab Size eksiksiz, verimli ve &#8220;anahtar teslimi&#8221; bir nakliye hizmeti sunuyoruz. \u00bb \u00ab T\u00fcm isteklerinize ger\u00e7ek zamanl\u0131 olarak [&hellip;]<\/p>\n","protected":false},"author":1,"featured_media":0,"parent":0,"menu_order":0,"comment_status":"closed","ping_status":"closed","template":"","meta":{"_et_pb_use_builder":"on","_et_pb_old_content":"","_et_gb_content_width":"","footnotes":""},"class_list":["post-301","page","type-page","status-publish","hentry"],"_links":{"self":[{"href":"https:\/\/egl.doplus.pro\/tr\/wp-json\/wp\/v2\/pages\/301","targetHints":{"allow":["GET"]}}],"collection":[{"href":"https:\/\/egl.doplus.pro\/tr\/wp-json\/wp\/v2\/pages"}],"about":[{"href":"https:\/\/egl.doplus.pro\/tr\/wp-json\/wp\/v2\/types\/page"}],"author":[{"embeddable":true,"href":"https:\/\/egl.doplus.pro\/tr\/wp-json\/wp\/v2\/users\/1"}],"replies":[{"embeddable":true,"href":"https:\/\/egl.doplus.pro\/tr\/wp-json\/wp\/v2\/comments?post=301"}],"version-history":[{"count":10,"href":"https:\/\/egl.doplus.pro\/tr\/wp-json\/wp\/v2\/pages\/301\/revisions"}],"predecessor-version":[{"id":1577,"href":"https:\/\/egl.doplus.pro\/tr\/wp-json\/wp\/v2\/pages\/301\/revisions\/1577"}],"wp:attachment":[{"href":"https:\/\/egl.doplus.pro\/tr\/wp-json\/wp\/v2\/media?parent=301"}],"curies":[{"name":"wp","href":"https:\/\/api.w.org\/{rel}","templated":true}]}}